{"id":950,"date":"2014-07-08T07:58:54","date_gmt":"2014-07-08T07:58:54","guid":{"rendered":"http:\/\/zlatykun.com\/?page_id=950"},"modified":"2014-07-08T07:59:32","modified_gmt":"2014-07-08T07:59:32","slug":"prehled-literatury-vztahujici-se-k-petzoldovym-jeskynim","status":"publish","type":"page","link":"https:\/\/zlatykun.com\/?page_id=950","title":{"rendered":"Seznam literatury, vztahuj\u00edc\u00ed se k jeskyn\u00edm v Petzoldov\u011b lomu"},"content":{"rendered":"<ul>\n<li><strong>1931<\/strong>\u00a0&#8211;\u00a0<em>Krch F.<\/em>\u00a0:\u00a0<strong>Srbsko<\/strong>. &#8211; In: J.J\u016fna (Ed.):\u00a0<em>Monografie Ho\u0159ovicka a Berounska<\/em>, d\u00edl VI: 414 &#8211; 420. Vlastn\u00edm n\u00e1kladem, tiskem \u010cesk\u00e9 grafick\u00e9 unie, a.s. Praha.<\/li>\n<li><strong>1940<\/strong>\u00a0&#8211;\u00a0<em>Petrbok J.<\/em>\u00a0:\u00a0<strong>Mesolitick\u00e9 ohni\u0161t\u011b v &#8222;Sloupov\u00e9 jeskyni&#8220; \u010cesk\u00e9ho krasu<\/strong>. &#8211;\u00a0<em>P\u0159\u00edroda<\/em>, XXXIII: 318 &#8211; 319. Brno.<\/li>\n<li><strong>1947<\/strong>\u00a0&#8211;\u00a0<em>Homola V.<\/em>\u00a0:\u00a0<strong>Krasov\u00e9 zjevy v Barrandienu<\/strong>. &#8211; Diserta\u010dn\u00ed pr\u00e1ce. P\u0159\u00edrodov\u011bdeck\u00e1 Fakulta Univerzity Karlovy: 1 &#8211; 112. Praha.<\/li>\n<li><strong>1949<\/strong>\u00a0&#8211;\u00a0<em>Kukla J.<\/em>\u00a0:\u00a0<strong>Jeskyn\u011b \u010cesk\u00e9ho krasu na lev\u00e9m b\u0159ehu \u0159eky Berounky a Vltavy.<\/strong>\u00a0&#8211; Semin\u00e1rn\u00ed pr\u00e1ce: 1 &#8211; 85 + p\u0159\u00edlohy. Re\u00e1ln\u00e9 gymnasium Praha XII &#8211; Slovensk\u00e1.<\/li>\n<li><strong>1949<\/strong>\u00a0&#8211;\u00a0<em>Petrbok J.<\/em>\u00a0:\u00a0<strong>Jeskyn\u011b &#8222;Sloupov\u00e1&#8220; u Bud\u0148an nad Berounkou v \u010cech\u00e1ch.<\/strong>\u00a0&#8211;\u00a0<em>\u010ceskoslovensk\u00fd kras<\/em>, 2: 315 &#8211; 322. Brno.<\/li>\n<li><strong>1949<\/strong>\u00a0&#8211;\u00a0<em>Vachtl J.<\/em>\u00a0:\u00a0<strong>Soupis lom\u016f \u010cSR. \u010c\u00edslo 31, Okres Beroun.<\/strong>\u00a0&#8211; St\u00e1tn\u00ed geologick\u00fd \u00fastav \u010ceskoslovensk\u00e9 republiky: 1 &#8211; 102. Praha.<\/li>\n<li><strong>1952<\/strong>\u00a0&#8211;\u00a0<em>Hokr Z.<\/em>\u00a0:\u00a0<strong>Pleistoc\u00e9nn\u00ed ssavci ze Sloupov\u00e9 jeskyn\u011b u Karl\u0161tejna (\u010cechy).<\/strong>\u00a0&#8211;\u00a0<em>Anthropozoikum<\/em>, I (1951): 9 &#8211; 35. Praha.<\/li>\n<li><strong>1961<\/strong>\u00a0&#8211;\u00a0<em>K\u0159\u00ed\u017e J.<\/em>\u00a0:\u00a0<strong>Puklinov\u00e1 propast v Petzoldov\u011b lomu u Srbska (list speci\u00e1ln\u00ed mapy 4052 &#8211; Beroun).<\/strong>\u00a0&#8211;\u00a0<em>\u010casopis pro Mineralogii a Geologii<\/em>, 6, 1 : 103 &#8211; 104. Praha.<\/li>\n<li><strong>1966<\/strong>\u00a0&#8211;\u00a0<em>Klof\u00e1t M.<\/em>\u00a0:\u00a0<strong>Zpr\u00e1va ze speleologick\u00e9ho pr\u016fzkumu dne 18. 12. 1966.<\/strong>\u00a0&#8211; Nepublikovan\u00e1 rukopisn\u00e1 zpr\u00e1va: 1 &#8211; 7. Archiv Muzea \u010cesk\u00e9ho krasu. Beroun.<\/li>\n<li><strong>1967<\/strong>\u00a0&#8211;\u00a0<em>Turnovec I, Fajstov\u00e1 \u010c.<\/em>\u00a0:\u00a0<strong>Krasov\u00e9 jevy \u00fadol\u00ed Berounky mezi Srbskem a Karl\u0161tejnem.<\/strong>\u00a0&#8211;\u00a0<em>\u010ceskoslovensk\u00fd kras<\/em>, 18: 39 &#8211; 48. Praha.<\/li>\n<li><strong>1988a<\/strong>\u00a0&#8211;\u00a0<em>Novotn\u00fd J.<\/em>\u00a0:\u00a0<strong>Jeskyn\u011b Marie.<\/strong>\u00a0&#8211;\u00a0<em>Speleof\u00f3rum<\/em>, 1988: 7 &#8211; 8. \u010cesk\u00e1 speleologick\u00e1 spole\u010dnost, ZO 6-14 Such\u00fd \u017dleb. Brno.<\/li>\n<li><strong>1988b<\/strong>\u00a0&#8211;\u00a0<em>Novotn\u00fd J.<\/em>\u00a0:\u00a0<strong>Jeskyn\u011b Marie &#8211; nov\u00e1 jeskyn\u011b \u010cesk\u00e9ho krasu.<\/strong>\u00a0&#8211;\u00a0<em>Stalagmit<\/em>, 1988, 1: 12 &#8211; 14. Praha.<\/li>\n<li><strong>1989<\/strong>\u00a0&#8211;\u00a0<em>Novotn\u00fd J.<\/em>\u00a0:\u00a0<strong>Nov\u00e9 objevy v Beranov\u011b lomu.<\/strong>\u00a0&#8211;\u00a0<em>Speleof\u00f3rum<\/em>, 1989: 6 &#8211; 7. \u010cesk\u00e1 speleologick\u00e1 spole\u010dnost. Brno.<\/li>\n<li><strong>1994<\/strong>\u00a0&#8211;\u00a0<em>J\u00e4ger O.<\/em>\u00a0:\u00a0<strong>Jednotn\u00e1 evidence speleologick\u00fdch objekt\u016f.<\/strong>\u00a0&#8211;\u00a0<em>\u010cesk\u00fd kras<\/em>, XIX: 25 &#8211; 30. Beroun.<\/li>\n<li><strong>1996<\/strong>\u00a0&#8211;\u00a0<em>Mart\u00ednek M., Zeman B.<\/em>\u00a0:\u00a0<strong>Dr\u00e1hy \u010cesk\u00e9ho krasu II, karl\u0161tejnsk\u00e1 a pra\u017esk\u00e1 oblast.<\/strong>\u00a0&#8211;\u00a0<em>\u010cesk\u00fd kras<\/em>, XXII: 23 &#8211; 40. Beroun.<\/li>\n<li><strong>2000<\/strong>\u00a0&#8211;\u00a0<em>Brom R., Bruthans J., Kol\u010dava M., P\u0159ibil M.<\/em>\u00a0:\u00a0<strong>Velk\u00e1 s\u00fdrov\u00e1 loupe\u017e, Prvn\u00ed p\u0159edb\u011b\u017en\u00e1 n\u00e1lezov\u00e1 zpr\u00e1va o objevu jeskyn\u011b Ement\u00e1l v \u010cesk\u00e9m krasu.<\/strong>\u00a0&#8211;\u00a0<em>Krasov\u00e1 deprese<\/em>, 8: 2 &#8211; 13. Praha.<\/li>\n<li><strong>2001<\/strong>\u00a0&#8211;\u00a0<em>Bruthans J., Zeman O.<\/em>\u00a0:\u00a0<strong>Nov\u00e9 poznatky o charakteru a genezi podzemn\u00edch krasov\u00fdch forem v \u010cesk\u00e9m krasu a dal\u0161\u00edch krasov\u00fdch oblastech bez soust\u0159ed\u011bn\u00fdch ponor\u016f v \u010cR.<\/strong>\u00a0&#8211; \u010cesk\u00fd kras, XXVII: 21 &#8211; 29. Beroun.<\/li>\n<li><strong>2002<\/strong>\u00a0&#8211;\u00a0<em>Topinka J.<\/em>\u00a0:\u00a0<strong>Regulace \u0159ek na Berounsku.<\/strong>\u00a0&#8211;\u00a0<em>Minulost\u00ed Berounska<\/em>, 5: 173 &#8211; 192. Beroun.<\/li>\n<li><strong>2003<\/strong>\u00a0&#8211;\u00a0<em>\u017d\u00e1k K., Kol\u010dava M., J\u00e4ger O., \u017divor R.<\/em>\u00a0:\u00a0<strong>Evidence jeskyn\u00ed \u010cesk\u00e9ho krasu &#8211; stav k 1. \u0159\u00edjnu 2003.<\/strong>\u00a0&#8211;\u00a0<em>\u010cesk\u00fd kras<\/em>, XXIX: 5 &#8211; 20. Beroun.<\/li>\n<li><strong>2004<\/strong>\u00a0&#8211;\u00a0<em>Matou\u0161ek V.<\/em>\u00a0:\u00a0<strong>Ledov\u00fd re\u017eim vodn\u00edch tok\u016f.<\/strong>\u00a0&#8211;\u00a0<em>Pr\u00e1ce a Studie<\/em>, 199: 1 &#8211; 203. V\u00fdzkumn\u00fd \u00fastav vodohospod\u00e1\u0159sk\u00fd T.G.M. Praha.<\/li>\n<li><strong>2004<\/strong>\u00a0&#8211;\u00a0<em>\u017d\u00e1k K., Vysok\u00e1 H., Bruthans J., Hlav\u00e1\u010d J.<\/em>\u00a0:\u00a0<strong>Hydrogeologie krasov\u00e9ho syst\u00e9mu Pramen pod Dom\u00e1\u0161ovem &#8211; Tet\u00ednsk\u00fd v\u00fdv\u011br: nov\u00e1 pozorov\u00e1n\u00ed a data.<\/strong>\u00a0&#8211;\u00a0<em>\u010cesk\u00fd kras<\/em>, XXX: 45 &#8211; 50. Beroun.<\/li>\n<li><strong>2007<\/strong>\u00a0&#8211;\u00a0<em>\u017d\u00e1k K., Elleder L.<\/em>\u00a0:\u00a0<strong>Povod\u0148ov\u00e1 historie v krasov\u00e9m ka\u0148onu \u0159eky Berounky v okol\u00ed obce Srbsko v posledn\u00edch dvou stalet\u00edch.<\/strong>\u00a0&#8211;\u00a0<em>\u010cesk\u00fd kras<\/em>, XXXIII: 9 &#8211; 15. Beroun.<\/li>\n<li><strong>2008<\/strong>\u00a0&#8211;\u00a0<em>Mart\u00ednek M.<\/em>\u00a0:\u00a0<strong>Vle\u010dky \u010cesk\u00e9ho krasu.<\/strong>\u00a0&#8211; P\u0159\u00edloha dvojmagaz\u00ednu\u00a0<em>Grand Expres<\/em>\u00a0a\u00a0<em>\u010cD pro V\u00e1s<\/em>, duben 2008: 1 &#8211; 31. Vydavatelstv\u00ed Grand Princ, a.s. Praha.<\/li>\n<li><strong>2009<\/strong>\u00a0&#8211;\u00a0<em>\u017d\u00e1k K., J\u00e4ger O., Koma\u0161ko A.<\/em>\u00a0:\u00a0<strong>\u010cesk\u00fd kras.<\/strong>\u00a0&#8211; In: J. Hromas, Red.:\u00a0<em>Jeskyn\u011b. Chr\u00e1n\u011bn\u00e1 \u00fazem\u00ed \u010cR XIV.<\/em>\u00a0(edito\u0159i \u0159ady Chr\u00e1n\u011bn\u00e1 \u00fazem\u00ed P. Mackovi\u010din, M. Sedl\u00e1\u010dek): 155 &#8211; 233. Agentura ochrany p\u0159\u00edrody a krajiny \u010cR Praha a EkoCentrum Brno.<\/li>\n<li><strong>2011<\/strong>\u00a0&#8211;\u00a0<em>Mengler Z., Vlk L., Z\u00e1vi\u0161ka M., \u017d\u00e1k K.<\/em>\u00a0:\u00a0<strong>Nov\u00e9 objevy v Petzoldov\u00fdch jeskyn\u00edch v \u010cesk\u00e9m krasu.<\/strong>\u00a0&#8211;\u00a0<em>Speleof\u00f3rum<\/em>, 30: 25 &#8211; 29. \u010cesk\u00e1 speleologick\u00e1 spole\u010dnost. Praha.<\/li>\n<li><strong>2011<\/strong>\u00a0&#8211;\u00a0<em>Mengler Z., Vlk L., Z\u00e1vi\u0161ka M., \u017d\u00e1k K., Martinek M.<\/em>\u00a0:\u00a0<strong>Petzoldovy jeskyn\u011b &#8211; nov\u00fd v\u00fdznamn\u00fd speleologick\u00fd objev v \u010cesk\u00e9m krasu.<\/strong>\u00a0&#8211;\u00a0<em>\u010cesk\u00fd kras<\/em>, XXXVII: 5 &#8211; 14. Beroun.<\/li>\n<li><strong>2011<\/strong>\u00a0&#8211;\u00a0<em>\u017d\u00e1k K., \u017divor R.<\/em>\u00a0:\u00a0<strong>Evidence jeskyn\u00ed \u010cesk\u00e9ho krasu: dopl\u0148ky a zm\u011bny za obdob\u00ed 1. \u0159\u00edjna 2009 a\u017e 30. z\u00e1\u0159\u00ed 2011.<\/strong>\u00a0&#8211;\u00a0<em>\u010cesk\u00fd kras<\/em>, XXXVII: 60 &#8211; 64. Beroun.<\/li>\n<li><strong>2012<\/strong>\u00a0&#8211;\u00a0<em>Vysok\u00e1 H., Bruthans J., \u017d\u00e1k K., Mls J.<\/em>\u00a0:\u00a0<strong>Response of the karst phreatic zone to flood events in a major river (Bohemian Karst, Czech Republic) and its implication for cave genesis.<\/strong>\u00a0&#8211;\u00a0<em>Journal of Cave and Karst Studies<\/em>, 74: 65 &#8211; 81. United States of America.<\/li>\n<li><strong>2012<\/strong>\u00a0&#8211;\u00a0<em>Mengler Z., Vlk L., Z\u00e1vi\u0161ka M.<\/em>\u00a0:\u00a0<strong>Objevy v Petzoldov\u00fdch jeskyn\u00edch v roce 2011.<\/strong>\u00a0&#8211;\u00a0<em>Speleof\u00f3rum<\/em>, 31: 47 &#8211; 49. \u010cesk\u00e1 speleologick\u00e1 spole\u010dnost. Praha.<\/li>\n<li><strong>2012<\/strong>\u00a0&#8211;\u00a0<em>Mengler Z., Amler P., \u017d\u00e1k K., Majer M.<\/em>\u00a0:\u00a0<strong>Petzoldovy jeskyn\u011b v \u010cesk\u00e9m krasu trochu jinak.<\/strong>\u00a0&#8211;\u00a0<em>Speleo<\/em>, 59: 21 &#8211; 28. \u010cesk\u00e1 speleologick\u00e1 spole\u010dnost. Praha.<\/li>\n<li><strong>2013<\/strong>\u00a0&#8211;\u00a0<em>Vlk L., Z\u00e1vi\u0161ka M.<\/em>\u00a0:\u00a0<strong>Nov\u00e9 pr\u016fzkumn\u00e9 pr\u00e1ce a objevy v Petzoldov\u00fdch jeskyn\u00edch.<\/strong>\u00a0&#8211;\u00a0<em>Speleof\u00f3rum<\/em>, 32: 31 &#8211; 33. \u010cesk\u00e1 speleologick\u00e1 spole\u010dnost. Praha.<\/li>\n<li><strong>2013<\/strong>\u00a0&#8211;\u00a0<em>\u017d\u00e1k K., Kol\u010dava M., Bruthans J., \u017divor R.<\/em>\u00a0:\u00a0<strong>Evidence jeskyn\u00ed \u010cesk\u00e9ho krasu za obdob\u00ed 1. \u0159\u00edjna 2011 a\u017e 30. z\u00e1\u0159\u00ed 2013.<\/strong>\u00a0&#8211;\u00a0<em>\u010cesk\u00fd kras<\/em>, XXXIX: 63 &#8211; 67. Beroun.<\/li>\n<li><strong>2013<\/strong>\u00a0&#8211;<em>\u00a0Bl\u00e1ha V.<\/em>\u00a0:\u00a0<strong>Srbsko.<\/strong>\u00a0&#8211; Vlastn\u00edm n\u00e1kladem, tiskem AdAm studia Praha.<\/li>\n<li>v tisku &#8211;\u00a0<em>Brom R., Vysok\u00e1 H.<\/em>\u00a0:\u00a0<strong>Petzoldovy jeskyn\u011b v \u010cesk\u00e9m krasu &#8211; \u010derpac\u00ed pokus 6.4.2013.<\/strong>\u00a0&#8211;\u00a0<em>Speleof\u00f3rum<\/em>, 33 (2014). \u010cesk\u00e1 speleologick\u00e1 spole\u010dnost. Praha.<\/li>\n<\/ul>\n","protected":false},"excerpt":{"rendered":"<p>1931\u00a0&#8211;\u00a0Krch F.\u00a0:\u00a0Srbsko. &#8211; In: J.J\u016fna (Ed.):\u00a0Monografie Ho\u0159ovicka a Berounska, d\u00edl VI: 414 &#8211; 420. Vlastn\u00edm n\u00e1kladem, tiskem \u010cesk\u00e9 grafick\u00e9 unie, a.s. Praha. 1940\u00a0&#8211;\u00a0Petrbok J.\u00a0:\u00a0Mesolitick\u00e9 ohni\u0161t\u011b v &#8222;Sloupov\u00e9 jeskyni&#8220; \u010cesk\u00e9ho krasu. &#8211;\u00a0P\u0159\u00edroda, XXXIII: 318 &#8211; 319. Brno. 1947\u00a0&#8211;\u00a0Homola V.\u00a0:\u00a0Krasov\u00e9 zjevy v Barrandienu. &#8211; Diserta\u010dn\u00ed pr\u00e1ce. P\u0159\u00edrodov\u011bdeck\u00e1 Fakulta Univerzity Karlovy: 1 &#8211; 112. Praha. 1949\u00a0&#8211;\u00a0Kukla J.\u00a0:\u00a0Jeskyn\u011b \u010cesk\u00e9ho [&hellip;]<\/p>\n","protected":false},"author":3,"featured_media":0,"parent":0,"menu_order":0,"comment_status":"open","ping_status":"open","template":"","meta":{"footnotes":""},"class_list":["post-950","page","type-page","status-publish","hentry"],"_links":{"self":[{"href":"https:\/\/zlatykun.com\/index.php?rest_route=\/wp\/v2\/pages\/950","targetHints":{"allow":["GET"]}}],"collection":[{"href":"https:\/\/zlatykun.com\/index.php?rest_route=\/wp\/v2\/pages"}],"about":[{"href":"https:\/\/zlatykun.com\/index.php?rest_route=\/wp\/v2\/types\/page"}],"author":[{"embeddable":true,"href":"https:\/\/zlatykun.com\/index.php?rest_route=\/wp\/v2\/users\/3"}],"replies":[{"embeddable":true,"href":"https:\/\/zlatykun.com\/index.php?rest_route=%2Fwp%2Fv2%2Fcomments&post=950"}],"version-history":[{"count":2,"href":"https:\/\/zlatykun.com\/index.php?rest_route=\/wp\/v2\/pages\/950\/revisions"}],"predecessor-version":[{"id":952,"href":"https:\/\/zlatykun.com\/index.php?rest_route=\/wp\/v2\/pages\/950\/revisions\/952"}],"wp:attachment":[{"href":"https:\/\/zlatykun.com\/index.php?rest_route=%2Fwp%2Fv2%2Fmedia&parent=950"}],"curies":[{"name":"wp","href":"https:\/\/api.w.org\/{rel}","templated":true}]}}