{"id":935,"date":"2014-05-08T12:45:32","date_gmt":"2014-05-08T12:45:32","guid":{"rendered":"http:\/\/zlatykun.com\/?page_id=935"},"modified":"2025-09-02T14:32:31","modified_gmt":"2025-09-02T14:32:31","slug":"petzoldovy-jeskyne","status":"publish","type":"page","link":"https:\/\/zlatykun.com\/?page_id=935","title":{"rendered":"Petzoldovy jeskyn\u011b"},"content":{"rendered":"<p><a title=\"Petzoldovy jeskyn\u011b v \u010cesk\u00e9m krasu trochu jinak\" href=\"http:\/\/zlatykun.com\/?page_id=832\">Petzoldovy jeskyn\u011b\u00a0v \u010cesk\u00e9m krasu\u00a0trochu jinak<\/a><\/p>\n<p><a href=\"https:\/\/zlatykun.com\/?page_id=950\">P\u0159ehled literatury vztahuj\u00edc\u00ed se k Petzoldov\u00fdm jeskyn\u00edm<\/a><\/p>\n<p><a href=\"http:\/\/www.zlatykun.com\/wp-content\/uploads\/2014\/01\/Petzoldovy_jeskyne.pdf\" target=\"_blank\" rel=\"noopener\">Aktu\u00e1ln\u00ed mapa Petzoldov\u00fdch jeskyn\u00ed ve form\u00e1tu PDF<\/a><\/p>\n","protected":false},"excerpt":{"rendered":"<p>Petzoldovy jeskyn\u011b\u00a0v \u010cesk\u00e9m krasu\u00a0trochu jinak P\u0159ehled literatury vztahuj\u00edc\u00ed se k Petzoldov\u00fdm jeskyn\u00edm Aktu\u00e1ln\u00ed mapa Petzoldov\u00fdch jeskyn\u00ed ve form\u00e1tu PDF<\/p>\n","protected":false},"author":3,"featured_media":0,"parent":0,"menu_order":0,"comment_status":"open","ping_status":"open","template":"","meta":{"footnotes":""},"class_list":["post-935","page","type-page","status-publish","hentry"],"_links":{"self":[{"href":"https:\/\/zlatykun.com\/index.php?rest_route=\/wp\/v2\/pages\/935","targetHints":{"allow":["GET"]}}],"collection":[{"href":"https:\/\/zlatykun.com\/index.php?rest_route=\/wp\/v2\/pages"}],"about":[{"href":"https:\/\/zlatykun.com\/index.php?rest_route=\/wp\/v2\/types\/page"}],"author":[{"embeddable":true,"href":"https:\/\/zlatykun.com\/index.php?rest_route=\/wp\/v2\/users\/3"}],"replies":[{"embeddable":true,"href":"https:\/\/zlatykun.com\/index.php?rest_route=%2Fwp%2Fv2%2Fcomments&post=935"}],"version-history":[{"count":4,"href":"https:\/\/zlatykun.com\/index.php?rest_route=\/wp\/v2\/pages\/935\/revisions"}],"predecessor-version":[{"id":1441,"href":"https:\/\/zlatykun.com\/index.php?rest_route=\/wp\/v2\/pages\/935\/revisions\/1441"}],"wp:attachment":[{"href":"https:\/\/zlatykun.com\/index.php?rest_route=%2Fwp%2Fv2%2Fmedia&parent=935"}],"curies":[{"name":"wp","href":"https:\/\/api.w.org\/{rel}","templated":true}]}}