{"id":908,"date":"2014-03-13T10:57:11","date_gmt":"2014-03-13T10:57:11","guid":{"rendered":"http:\/\/zlatykun.com\/?page_id=908"},"modified":"2026-02-10T21:07:54","modified_gmt":"2026-02-10T21:07:54","slug":"skupinove-akce","status":"publish","type":"page","link":"https:\/\/zlatykun.com\/?page_id=908","title":{"rendered":"Skupinov\u00e9 akce"},"content":{"rendered":"<h2>Skupinov\u00e9 akce 2026<\/h2>\n<p>Ka\u017ed\u00fd m\u011bs\u00edc o druh\u00e9m v\u00edkendu (po\u010d\u00edt\u00e1n je v\u017edy ka\u017ed\u00fd cel\u00fd v\u00edkend v m\u011bs\u00edci) se na\u0161e speleo-skupina sch\u00e1z\u00ed na pracovn\u00edch akc\u00edch. Pracovn\u00ed akce jsou zpravidla jednodenn\u00ed (sobota), lze se ov\u0161em domluvit i na dvoudenn\u00edch. Pro p\u0159\u00edpad, \u017ee by n\u011bkdo z v\u00e1s cht\u011bl okusit, jak chutn\u00e1 pr\u00e1ce v jeskyni, klidn\u011b se m\u016f\u017eete p\u0159idat v n\u011bjak\u00fd, n\u00ed\u017ee uveden\u00fd term\u00edn. Doporu\u010dujeme v\u0161ak p\u0159edb\u011b\u017enou domluvu na mailu zlatykun@zlatykun.com.<\/p>\n<table border=\"1\" cellspacing=\"0\" cellpadding=\"0\">\n<tbody>\n<tr>\n<td style=\"text-align: center;\" colspan=\"3\" width=\"618\"><big><b>Kalend\u00e1\u0159 pracovn\u00edch akc\u00ed 2026<\/b><\/big><\/td>\n<\/tr>\n<tr>\n<td style=\"text-align: center;\" width=\"126\"><b><i><span style=\"text-decoration: underline;\">M\u011bs\u00edc<\/span><\/i><\/b><\/td>\n<td style=\"text-align: center;\" width=\"126\"><b><i><span style=\"text-decoration: underline;\">Term\u00edn<\/span><\/i><\/b><\/td>\n<td style=\"text-align: center;\" width=\"366\"><b><i><span style=\"text-decoration: underline;\">Pozn\u00e1mky<\/span><\/i><\/b><\/td>\n<\/tr>\n<tr>\n<td style=\"text-align: center;\">Leden<\/td>\n<td style=\"text-align: center;\">10. \u2013 11.<\/td>\n<td style=\"text-align: center;\">V\u00fdro\u010dn\u00ed \u010dlensk\u00e1 sch\u016fze na z\u00e1kladn\u011b<\/td>\n<\/tr>\n<tr>\n<td style=\"text-align: center;\">\u00danor<\/td>\n<td style=\"text-align: center;\">14. \u2013 15.<\/td>\n<td style=\"text-align: center;\">\u00a0<\/td>\n<\/tr>\n<tr>\n<td style=\"text-align: center;\">B\u0159ezen<\/td>\n<td style=\"text-align: center;\">14. \u2013 15.<\/td>\n<td style=\"text-align: center;\">\u00a0<\/td>\n<\/tr>\n<tr>\n<td style=\"text-align: center;\">Duben<\/td>\n<td style=\"text-align: center;\">11. \u2013 12.<\/td>\n<td style=\"text-align: center;\">\u00a0<\/td>\n<\/tr>\n<tr>\n<td style=\"text-align: center;\">Kv\u011bten<\/td>\n<td style=\"text-align: center;\">9. \u2013 10.<\/td>\n<td style=\"text-align: center;\">\u00faklidov\u00e1 akce na z\u00e1kladn\u011b + zveleben\u00ed z\u00e1kladny<\/td>\n<\/tr>\n<tr>\n<td style=\"text-align: center;\">\u010cerven<\/td>\n<td style=\"text-align: center;\">13. \u2013 14.<\/td>\n<td style=\"text-align: center;\">\u00a0<\/td>\n<\/tr>\n<tr>\n<td style=\"text-align: center;\">\u010cervenec<\/td>\n<td style=\"text-align: center;\">11. \u2013 12.<\/td>\n<td style=\"text-align: center;\">\u00a0<\/td>\n<\/tr>\n<tr>\n<td style=\"text-align: center;\">Srpen<\/td>\n<td style=\"text-align: center;\">8. \u2013 9.<\/td>\n<td style=\"text-align: center;\">\u00a0<\/td>\n<\/tr>\n<tr>\n<td style=\"text-align: center;\">Z\u00e1\u0159\u00ed<\/td>\n<td style=\"text-align: center;\">12. \u2013 13.<\/td>\n<td style=\"text-align: center;\">Tradi\u010dn\u00ed oslavi\u010dky narozenin<\/td>\n<\/tr>\n<tr>\n<td style=\"text-align: center;\">\u0158\u00edjen<\/td>\n<td style=\"text-align: center;\">10. \u2013 11.<\/td>\n<td style=\"text-align: center;\">\u00a0<\/td>\n<\/tr>\n<tr>\n<td style=\"text-align: center;\">Listopad<\/td>\n<td style=\"text-align: center;\">14. \u2013 15.<\/td>\n<td style=\"text-align: center;\">\u00a0<\/td>\n<\/tr>\n<tr>\n<td style=\"text-align: center;\">Prosinec<\/td>\n<td style=\"text-align: center;\">12. \u2013 13.<\/td>\n<td style=\"text-align: center;\">\u00a0<\/td>\n<\/tr>\n<\/tbody>\n<\/table>\n\n\n<p><\/p>\n","protected":false},"excerpt":{"rendered":"<p>Skupinov\u00e9 akce 2026 Ka\u017ed\u00fd m\u011bs\u00edc o druh\u00e9m v\u00edkendu (po\u010d\u00edt\u00e1n je v\u017edy ka\u017ed\u00fd cel\u00fd v\u00edkend v m\u011bs\u00edci) se na\u0161e speleo-skupina sch\u00e1z\u00ed na pracovn\u00edch akc\u00edch. Pracovn\u00ed akce jsou zpravidla jednodenn\u00ed (sobota), lze se ov\u0161em domluvit i na dvoudenn\u00edch. Pro p\u0159\u00edpad, \u017ee by n\u011bkdo z v\u00e1s cht\u011bl okusit, jak chutn\u00e1 pr\u00e1ce v jeskyni, klidn\u011b se m\u016f\u017eete p\u0159idat v [&hellip;]<\/p>\n","protected":false},"author":3,"featured_media":0,"parent":0,"menu_order":0,"comment_status":"open","ping_status":"open","template":"","meta":{"footnotes":""},"class_list":["post-908","page","type-page","status-publish","hentry"],"_links":{"self":[{"href":"https:\/\/zlatykun.com\/index.php?rest_route=\/wp\/v2\/pages\/908","targetHints":{"allow":["GET"]}}],"collection":[{"href":"https:\/\/zlatykun.com\/index.php?rest_route=\/wp\/v2\/pages"}],"about":[{"href":"https:\/\/zlatykun.com\/index.php?rest_route=\/wp\/v2\/types\/page"}],"author":[{"embeddable":true,"href":"https:\/\/zlatykun.com\/index.php?rest_route=\/wp\/v2\/users\/3"}],"replies":[{"embeddable":true,"href":"https:\/\/zlatykun.com\/index.php?rest_route=%2Fwp%2Fv2%2Fcomments&post=908"}],"version-history":[{"count":21,"href":"https:\/\/zlatykun.com\/index.php?rest_route=\/wp\/v2\/pages\/908\/revisions"}],"predecessor-version":[{"id":1470,"href":"https:\/\/zlatykun.com\/index.php?rest_route=\/wp\/v2\/pages\/908\/revisions\/1470"}],"wp:attachment":[{"href":"https:\/\/zlatykun.com\/index.php?rest_route=%2Fwp%2Fv2%2Fmedia&parent=908"}],"curies":[{"name":"wp","href":"https:\/\/api.w.org\/{rel}","templated":true}]}}