{"id":906,"date":"2014-03-13T10:55:20","date_gmt":"2014-03-13T10:55:20","guid":{"rendered":"http:\/\/zlatykun.com\/?page_id=906"},"modified":"2026-02-10T21:48:36","modified_gmt":"2026-02-10T21:48:36","slug":"ostatni-akce","status":"publish","type":"page","link":"https:\/\/zlatykun.com\/?page_id=906","title":{"rendered":"Ostatn\u00ed akce"},"content":{"rendered":"<p>Zde se budeme sna\u017eit umis\u0165ovat p\u0159ehled akc\u00ed, kter\u00e9 by v\u00e1s mohly zaj\u00edmat.<br \/>\nStr\u00e1nky se pr\u016fb\u011b\u017en\u011b aktualizuj\u00ed.<\/p>\n<h2>leden 2026<\/h2>\n<table border=\"1\" cellspacing=\"0\" cellpadding=\"0\">\n<tbody>\n<tr>\n<td width=\"150\"><b><i><span style=\"text-decoration: underline;\">Term\u00edn<\/span><\/i><\/b><\/td>\n<td width=\"350\"><b><i><span style=\"text-decoration: underline;\">Akce<\/span><\/i><\/b><\/td>\n<\/tr>\n<tr>\n<td>&#8211;<\/td>\n<td><\/td>\n<\/tr>\n<tr>\n<td>&#8211;<\/td>\n<td><\/td>\n<\/tr>\n<tr>\n<td>&#8211;<\/td>\n<td><\/td>\n<\/tr>\n<\/tbody>\n<\/table>\n<h2>\u00fanor 2026<\/h2>\n<table border=\"1\" cellspacing=\"0\" cellpadding=\"0\">\n<tbody>\n<tr>\n<td width=\"150\"><b><i><span style=\"text-decoration: underline;\">Term\u00edn<\/span><\/i><\/b><\/td>\n<td width=\"350\"><b><i><span style=\"text-decoration: underline;\">Akce<\/span><\/i><\/b><\/td>\n<\/tr>\n<tr>\n<td>pond\u011bl\u00ed 16. 2. od 17.30 hodin<\/td>\n<td><a href=\"http:\/\/snm.nm.cz\/mineralogicka-sekce\/akce-mineralogicke-sekce\/fenomen-hvezdovych-kremenu-a-je-ten-ze-strazniku-opravdu-jedinecny.html\" target=\"_blank\" rel=\"noopener\">Fenom\u00e9n hv\u011bzdov\u00fdch k\u0159emen\u016f \u2013 a je ten ze Str\u00e1\u017en\u00edku opravdu jedine\u010dn\u00fd?<\/a> (Spole\u010dnost N\u00e1rodn\u00edho muzea)<\/td>\n<\/tr>\n<tr>\n<td><\/td>\n<td><\/td>\n<\/tr>\n<\/tbody>\n<\/table>\n<h2>b\u0159ezen 2026<\/h2>\n<table border=\"1\" cellspacing=\"0\" cellpadding=\"0\">\n<tbody>\n<tr>\n<td width=\"150\"><b><i><span style=\"text-decoration: underline;\">Term\u00edn<\/span><\/i><\/b><\/td>\n<td width=\"350\"><b><i><span style=\"text-decoration: underline;\">Akce<\/span><\/i><\/b><\/td>\n<\/tr>\n<tr>\n<td>16. 3. od 18.00<\/td>\n<td><a href=\"http:\/\/snm.nm.cz\/paleontologicka-sekce\/akce-paleontologicke-sekce\/kdyz-bylo-cerne-uhli-zelene-a-cechy-na-rovniku.html\">Kdy\u017e bylo \u010dern\u00e9 uhl\u00ed zelen\u00e9 a \u010cechy na rovn\u00edku<\/a> (Spole\u010dnost N\u00e1rodn\u00edho muzea)<\/td>\n<\/tr>\n<tr>\n<td>&#8211;<\/td>\n<td><\/td>\n<\/tr>\n<tr>\n<td>&#8211;<\/td>\n<td><\/td>\n<\/tr>\n<\/tbody>\n<\/table>\n<h2>duben 2026<\/h2>\n<table border=\"1\" cellspacing=\"0\" cellpadding=\"0\">\n<tbody>\n<tr>\n<td width=\"150\"><b><i><span style=\"text-decoration: underline;\">Term\u00edn<\/span><\/i><\/b><\/td>\n<td width=\"350\"><b><i><span style=\"text-decoration: underline;\">Akce<\/span><\/i><\/b><\/td>\n<\/tr>\n<tr>\n<td><\/td>\n<td><\/td>\n<\/tr>\n<tr>\n<td><\/td>\n<td><\/td>\n<\/tr>\n<tr>\n<td>24. 4. \u2013 26. 4.<\/td>\n<td><a href=\"https:\/\/www.speleo.cz\/speleoforum-2026\" target=\"_blank\" rel=\"noopener\"><b>Speleoforum 2026<\/b><\/a> &#8211; ji\u017e 45. ro\u010dn\u00edk!<\/td>\n<\/tr>\n<\/tbody>\n<\/table>\n<h2>kv\u011bten 2026<\/h2>\n<table border=\"1\" cellspacing=\"0\" cellpadding=\"0\">\n<tbody>\n<tr>\n<td width=\"150\"><b><i><span style=\"text-decoration: underline;\">Term\u00edn<\/span><\/i><\/b><\/td>\n<td width=\"350\"><b><i><span style=\"text-decoration: underline;\">Akce<\/span><\/i><\/b><\/td>\n<\/tr>\n<tr>\n<td>1. 5.<\/td>\n<td>Chlumochod &#8211; jesky\u0148\u00e1\u0159sk\u00fd z\u00e1vod v technick\u00e9m lezen\u00ed<\/td>\n<\/tr>\n<tr>\n<td>neup\u0159esn\u011bno<\/td>\n<td>Petrbok\u016fv memori\u00e1l &#8211; jesky\u0148\u00e1\u0159sk\u00fd cyklistick\u00fd z\u00e1vod na star\u00fdch kolech<\/td>\n<\/tr>\n<tr>\n<td>4. 5.<\/td>\n<td>Trilobiti pod drobnohledem (Spole\u010dnost N\u00e1rodn\u00edho muzea)<\/td>\n<\/tr>\n<\/tbody>\n<\/table>\n<h2>\u010derven 2026<\/h2>\n<table border=\"1\" cellspacing=\"0\" cellpadding=\"0\">\n<tbody>\n<tr>\n<td width=\"150\"><b><i><span style=\"text-decoration: underline;\">Term\u00edn<\/span><\/i><\/b><\/td>\n<td width=\"350\"><b><i><span style=\"text-decoration: underline;\">Akce<\/span><\/i><\/b><\/td>\n<\/tr>\n<tr>\n<td>&#8211;<\/td>\n<td><\/td>\n<\/tr>\n<tr>\n<td>&#8211;<\/td>\n<td><\/td>\n<\/tr>\n<tr>\n<td>neup\u0159esn\u011bno<\/td>\n<td><a href=\"https:\/\/www.speleo.cz\/lezecky-den-css-v-ceskem-krasu-2025\" target=\"_blank\" rel=\"noopener\"><strong>Lezeck\u00fd den SZS<\/strong><\/a> &#8211; lom na Chlumu u Srbska, \u010cesk\u00fd kras<\/td>\n<\/tr>\n<\/tbody>\n<\/table>\n<h2>\u010dervenec 2026<\/h2>\n<table border=\"1\" cellspacing=\"0\" cellpadding=\"0\">\n<tbody>\n<tr>\n<td width=\"150\"><b><i><span style=\"text-decoration: underline;\">Term\u00edn<\/span><\/i><\/b><\/td>\n<td width=\"350\"><b><i><span style=\"text-decoration: underline;\">Akce<\/span><\/i><\/b><\/td>\n<\/tr>\n<tr>\n<td>&#8211;<\/td>\n<td><\/td>\n<\/tr>\n<\/tbody>\n<\/table>\n<h2>srpen 2026<\/h2>\n<table border=\"1\" cellspacing=\"0\" cellpadding=\"0\">\n<tbody>\n<tr>\n<td width=\"150\"><b><i><span style=\"text-decoration: underline;\">Term\u00edn<\/span><\/i><\/b><\/td>\n<td width=\"350\"><b><i><span style=\"text-decoration: underline;\">Akce<\/span><\/i><\/b><\/td>\n<\/tr>\n<tr>\n<td>5. 8. &#8211; 9. 8.<\/td>\n<td>Jaskyniarsk\u00fd t\u00fd\u017ed\u011b\u0148 &#8211; Borinsk\u00fd kras<\/td>\n<\/tr>\n<\/tbody>\n<\/table>\n<h2>z\u00e1\u0159\u00ed 2026<\/h2>\n<table border=\"1\" cellspacing=\"0\" cellpadding=\"0\">\n<tbody>\n<tr>\n<td width=\"150\"><b><i><span style=\"text-decoration: underline;\">Term\u00edn<\/span><\/i><\/b><\/td>\n<td width=\"350\"><b><i><span style=\"text-decoration: underline;\">Akce<\/span><\/i><\/b><\/td>\n<\/tr>\n<tr>\n<td>sobota 13. 9.<\/td>\n<td>Setk\u00e1n\u00ed jesky\u0148\u00e1\u0159\u016f, z\u0159ejm\u011b Z0 \u010cSS 7-04 Sever.<\/td>\n<\/tr>\n<\/tbody>\n<\/table>\n<h2>podzim 2026 (nez\u00e1vazn\u011b)<\/h2>\n<table border=\"1\" cellspacing=\"0\" cellpadding=\"0\">\n<tbody>\n<tr>\n<td width=\"150\"><b><i><span style=\"text-decoration: underline;\">Term\u00edn<\/span><\/i><\/b><\/td>\n<td width=\"350\"><b><i><span style=\"text-decoration: underline;\">Akce<\/span><\/i><\/b><\/td>\n<\/tr>\n<tr>\n<td>z\u00e1\u0159\u00ed<\/td>\n<td><strong>Mykologick\u00e1 exkurze.<\/strong> Po\u0159\u00e1d\u00e1 AOPK \u010cesk\u00fd kras. Sraz bude up\u0159esn\u011bn.<\/td>\n<\/tr>\n<tr>\n<td>podzim<\/td>\n<td><strong>Exkurze do devonu okol\u00ed Kon\u011bprus<\/strong> (Spole\u010dnost N\u00e1rodn\u00edho muzea).<\/td>\n<\/tr>\n<tr>\n<td>listopad, prosinec<\/td>\n<td><strong>novembrov\u00e1 miniek\u0161ped\u00edcia na Slovensko?<\/strong><\/td>\n<\/tr>\n<tr>\n<td>prosinec<\/td>\n<td><strong>Jesky\u0148\u00e1\u0159sk\u00fd strome\u010dek<\/strong> &#8211; Tom\u00e1\u0161k\u00e1rna<\/td>\n<\/tr>\n<\/tbody>\n<\/table>\n<h2>Akce po\u0159\u00e1dan\u00e9 Agenturou ochrany p\u0159\u00edrody \u010cesk\u00fd kras<\/h2>\n<p>P\u0159edev\u0161\u00edm vych\u00e1zky s odborn\u00edkem na dan\u00e9 t\u00e9ma vych\u00e1zky (mykologie, entomologie, netop\u00fd\u0159i&#8230;).<br \/>\n<a href=\"https:\/\/ceskykras.nature.cz\/vsechny-akce\" target=\"_blank\" rel=\"noopener\">https:\/\/ceskykras.nature.cz\/vsechny-akce<\/a><\/p>\n<h2>Program Caf\u00e9 Barrande, Praha \u017di\u017ekov<\/h2>\n<p>Pravd\u011bpodobn\u011b letos ji\u017e nen\u00ed klub aktivn\u00ed.<br \/>\n<a href=\"https:\/\/cafebarrande.cz\/besedy_klubu\/\" target=\"_blank\" rel=\"noopener\">https:\/\/cafebarrande.cz\/besedy_klubu\/<\/a><\/p>\n<h2>Muzeum \u010cesk\u00e9ho krasu Beroun<\/h2>\n<p>P\u0159ehled akc\u00ed po\u0159\u00e1dan\u00fdch muzeem.<br \/>\n<a href=\"http:\/\/muzeum-beroun.cz\/program\/\" target=\"_blank\" rel=\"noopener\">http:\/\/muzeum-beroun.cz\/program\/<\/a><\/p>\n","protected":false},"excerpt":{"rendered":"<p>Zde se budeme sna\u017eit umis\u0165ovat p\u0159ehled akc\u00ed, kter\u00e9 by v\u00e1s mohly zaj\u00edmat. Str\u00e1nky se pr\u016fb\u011b\u017en\u011b aktualizuj\u00ed. leden 2026 Term\u00edn Akce &#8211; &#8211; &#8211; \u00fanor 2026 Term\u00edn Akce pond\u011bl\u00ed 16. 2. od 17.30 hodin Fenom\u00e9n hv\u011bzdov\u00fdch k\u0159emen\u016f \u2013 a je ten ze Str\u00e1\u017en\u00edku opravdu jedine\u010dn\u00fd? (Spole\u010dnost N\u00e1rodn\u00edho muzea) b\u0159ezen 2026 Term\u00edn Akce 16. 3. od 18.00 [&hellip;]<\/p>\n","protected":false},"author":3,"featured_media":0,"parent":0,"menu_order":0,"comment_status":"open","ping_status":"open","template":"","meta":{"footnotes":""},"class_list":["post-906","page","type-page","status-publish","hentry"],"_links":{"self":[{"href":"https:\/\/zlatykun.com\/index.php?rest_route=\/wp\/v2\/pages\/906","targetHints":{"allow":["GET"]}}],"collection":[{"href":"https:\/\/zlatykun.com\/index.php?rest_route=\/wp\/v2\/pages"}],"about":[{"href":"https:\/\/zlatykun.com\/index.php?rest_route=\/wp\/v2\/types\/page"}],"author":[{"embeddable":true,"href":"https:\/\/zlatykun.com\/index.php?rest_route=\/wp\/v2\/users\/3"}],"replies":[{"embeddable":true,"href":"https:\/\/zlatykun.com\/index.php?rest_route=%2Fwp%2Fv2%2Fcomments&post=906"}],"version-history":[{"count":44,"href":"https:\/\/zlatykun.com\/index.php?rest_route=\/wp\/v2\/pages\/906\/revisions"}],"predecessor-version":[{"id":1472,"href":"https:\/\/zlatykun.com\/index.php?rest_route=\/wp\/v2\/pages\/906\/revisions\/1472"}],"wp:attachment":[{"href":"https:\/\/zlatykun.com\/index.php?rest_route=%2Fwp%2Fv2%2Fmedia&parent=906"}],"curies":[{"name":"wp","href":"https:\/\/api.w.org\/{rel}","templated":true}]}}