{"id":86,"date":"2012-01-28T16:29:19","date_gmt":"2012-01-28T16:29:19","guid":{"rendered":"http:\/\/www.zlatykun.com\/?page_id=86"},"modified":"2014-03-13T10:58:57","modified_gmt":"2014-03-13T10:58:57","slug":"kalendar-akci-201","status":"publish","type":"page","link":"https:\/\/zlatykun.com\/?page_id=86","title":{"rendered":"Kalend\u00e1\u0159 akc\u00ed"},"content":{"rendered":"<h2><a title=\"Skupinov\u00e9 akce\" href=\"http:\/\/zlatykun.com\/?page_id=908\">Skupinov\u00e9 akce<\/a><\/h2>\n<h2><a title=\"Ostatn\u00ed akce\" href=\"http:\/\/zlatykun.com\/?page_id=906\">Ostatn\u00ed zaj\u00edmav\u00e9 akce<\/a><\/h2>\n","protected":false},"excerpt":{"rendered":"<p>Skupinov\u00e9 akce Ostatn\u00ed zaj\u00edmav\u00e9 akce<\/p>\n","protected":false},"author":3,"featured_media":0,"parent":0,"menu_order":2,"comment_status":"closed","ping_status":"closed","template":"","meta":{"footnotes":""},"class_list":["post-86","page","type-page","status-publish","hentry"],"_links":{"self":[{"href":"https:\/\/zlatykun.com\/index.php?rest_route=\/wp\/v2\/pages\/86","targetHints":{"allow":["GET"]}}],"collection":[{"href":"https:\/\/zlatykun.com\/index.php?rest_route=\/wp\/v2\/pages"}],"about":[{"href":"https:\/\/zlatykun.com\/index.php?rest_route=\/wp\/v2\/types\/page"}],"author":[{"embeddable":true,"href":"https:\/\/zlatykun.com\/index.php?rest_route=\/wp\/v2\/users\/3"}],"replies":[{"embeddable":true,"href":"https:\/\/zlatykun.com\/index.php?rest_route=%2Fwp%2Fv2%2Fcomments&post=86"}],"version-history":[{"count":17,"href":"https:\/\/zlatykun.com\/index.php?rest_route=\/wp\/v2\/pages\/86\/revisions"}],"predecessor-version":[{"id":910,"href":"https:\/\/zlatykun.com\/index.php?rest_route=\/wp\/v2\/pages\/86\/revisions\/910"}],"wp:attachment":[{"href":"https:\/\/zlatykun.com\/index.php?rest_route=%2Fwp%2Fv2%2Fmedia&parent=86"}],"curies":[{"name":"wp","href":"https:\/\/api.w.org\/{rel}","templated":true}]}}