{"id":796,"date":"2014-01-14T22:27:33","date_gmt":"2014-01-14T22:27:33","guid":{"rendered":"http:\/\/zlatykun.com\/?page_id=796"},"modified":"2019-02-08T22:12:28","modified_gmt":"2019-02-08T22:12:28","slug":"technika","status":"publish","type":"page","link":"https:\/\/zlatykun.com\/?page_id=796","title":{"rendered":"Technika"},"content":{"rendered":"<p>Tato str\u00e1nka bude vyhrazena technick\u00fdm \u0159e\u0161en\u00edm, a\u0165 u\u017e se jedn\u00e1 o mapov\u00e1n\u00ed, sv\u00edcen\u00ed, lezeckou techniku a podobn\u011b.<\/p>\n<h4><span style=\"color: #3366ff;\"><a title=\"Mapov\u00e1n\u00ed mal\u00fdch jeskyn\u00ed v programu therion\" href=\"http:\/\/zlatykun.com\/?page_id=798\"><span style=\"color: #3366ff;\">Mapov\u00e1n\u00ed mal\u00fdch jeskyn\u00ed v programu therion<\/span><\/a><\/span><\/h4>\n<h4><span style=\"color: #3366ff;\"><a title=\"Zaj\u00edmav\u00e9 soubory ze str\u00e1nek SZS ke sta\u017een\u00ed\" href=\"http:\/\/zlatykun.com\/?page_id=1044\" target=\"_blank\" rel=\"noopener\">Zaj\u00edmav\u00e9 soubory ze str\u00e1nek SZS ke sta\u017een\u00ed<\/a><\/span><\/h4>\n<h4><span style=\"color: #3366ff;\"><a title=\"Horolezeck\u00e1 metodika - uzlov\u00e1n\u00ed\" href=\"http:\/\/www.horolezeckametodika.cz\/horolezectvi\/uzly\/\" target=\"_blank\" rel=\"noopener\">Velice polopaticky vysv\u011btleny zp\u016fsoby v\u00e1z\u00e1n\u00ed uzl\u016f i s terminologi\u00ed &#8211; vynikaj\u00edc\u00ed !!!!!<\/a><br \/>\n<\/span><\/h4>\n<h4><span style=\"color: #3366ff;\"><a title=\"Str\u00e1nka o uzlech a uzlov\u00e1n\u00ed\" href=\"http:\/\/gord.gringo.cz\/Uzly\/index.html\" target=\"_blank\" rel=\"noopener\">Dal\u0161\u00ed str\u00e1nka s obrovsk\u00fdm mno\u017estv\u00edm uzl\u016f u\u017eite\u010dn\u00fdch i m\u00e9n\u011b u\u017eite\u010dn\u00fdch pro jesky\u0148a\u0159inu.<\/a><\/span><\/h4>\n","protected":false},"excerpt":{"rendered":"<p>Tato str\u00e1nka bude vyhrazena technick\u00fdm \u0159e\u0161en\u00edm, a\u0165 u\u017e se jedn\u00e1 o mapov\u00e1n\u00ed, sv\u00edcen\u00ed, lezeckou techniku a podobn\u011b. Mapov\u00e1n\u00ed mal\u00fdch jeskyn\u00ed v programu therion Zaj\u00edmav\u00e9 soubory ze str\u00e1nek SZS ke sta\u017een\u00ed Velice polopaticky vysv\u011btleny zp\u016fsoby v\u00e1z\u00e1n\u00ed uzl\u016f i s terminologi\u00ed &#8211; vynikaj\u00edc\u00ed !!!!! Dal\u0161\u00ed str\u00e1nka s obrovsk\u00fdm mno\u017estv\u00edm uzl\u016f u\u017eite\u010dn\u00fdch i m\u00e9n\u011b u\u017eite\u010dn\u00fdch pro jesky\u0148a\u0159inu.<\/p>\n","protected":false},"author":3,"featured_media":0,"parent":0,"menu_order":9,"comment_status":"closed","ping_status":"closed","template":"","meta":{"footnotes":""},"class_list":["post-796","page","type-page","status-publish","hentry"],"_links":{"self":[{"href":"https:\/\/zlatykun.com\/index.php?rest_route=\/wp\/v2\/pages\/796","targetHints":{"allow":["GET"]}}],"collection":[{"href":"https:\/\/zlatykun.com\/index.php?rest_route=\/wp\/v2\/pages"}],"about":[{"href":"https:\/\/zlatykun.com\/index.php?rest_route=\/wp\/v2\/types\/page"}],"author":[{"embeddable":true,"href":"https:\/\/zlatykun.com\/index.php?rest_route=\/wp\/v2\/users\/3"}],"replies":[{"embeddable":true,"href":"https:\/\/zlatykun.com\/index.php?rest_route=%2Fwp%2Fv2%2Fcomments&post=796"}],"version-history":[{"count":12,"href":"https:\/\/zlatykun.com\/index.php?rest_route=\/wp\/v2\/pages\/796\/revisions"}],"predecessor-version":[{"id":1246,"href":"https:\/\/zlatykun.com\/index.php?rest_route=\/wp\/v2\/pages\/796\/revisions\/1246"}],"wp:attachment":[{"href":"https:\/\/zlatykun.com\/index.php?rest_route=%2Fwp%2Fv2%2Fmedia&parent=796"}],"curies":[{"name":"wp","href":"https:\/\/api.w.org\/{rel}","templated":true}]}}