{"id":52,"date":"2012-01-28T12:30:08","date_gmt":"2012-01-28T12:30:08","guid":{"rendered":"http:\/\/www.zlatykun.com\/?page_id=52"},"modified":"2025-02-10T19:06:26","modified_gmt":"2025-02-10T19:06:26","slug":"bonzakova-sluj","status":"publish","type":"page","link":"https:\/\/zlatykun.com\/?page_id=52","title":{"rendered":"Bonz\u00e1kova sluj"},"content":{"rendered":"<p>Subvertik\u00e1ln\u00ed jeskyn\u011b s\u00a0vodou zatopen\u00fdmi voln\u00fdmi prostorami v lomu Kobyla, v t\u011bsn\u00e9 bl\u00edzkosti o\u010dkovsk\u00e9ho p\u0159esmyku. Novodob\u00e9 v\u00fdkopy byly zapo\u010daty v\u00a0z\u00e1v\u011bru 20. stolet\u00ed, po epizodick\u00fdch pracech do\u0161lo v\u00a0roce 2015 v\u00a0nejhlub\u0161\u00edch parti\u00edch jeskyn\u011b k\u00a0pr\u016fstupu do voln\u00fdch prostor s\u00a0hladinou podzemn\u00ed vody. \u010cerpac\u00edm pokusem v\u00a0roce 2016 bylo zp\u0159\u00edstupn\u011bno dal\u0161\u00edch zhruba 10 m v\u00fd\u0161kov\u00fdch jeskyn\u011b a sou\u010dasn\u00e1 d\u00e9lka chodeb tak \u010din\u00ed kolem 140 m. Hladina vody v\u00a0jeskyni se v\u00a0z\u00e1vislosti na klimatu \u010dasto m\u011bn\u00ed, ob\u010das do\u0161lo i k\u00a0v\u00fdrazn\u00e9mu zv\u00fd\u0161en\u00ed hladiny, kter\u00e9 n\u00e1sledn\u011b zp\u016fsobilo ztr\u00e1tu stability ve v\u00fdkopech ponechan\u00fdch kontroln\u00edch profil\u016f. Do jeskyn\u011b byl otev\u0159en druh\u00fd vchod p\u0159\u00edmo z\u00a0lomu Kobyla, jeho\u017e proveden\u00ed bylo n\u011bkolikr\u00e1t m\u011bn\u011bno v\u017edy v\u00a0reakci na aktu\u00e1ln\u00ed stabilitn\u00ed probl\u00e9my hlinit\u00fdch v\u00fdpln\u00ed krasov\u00fdch dutin. V\u00a0roce 2023 do\u0161lo k\u00a0osazen\u00ed rigidn\u00edho uz\u00e1v\u011bru do betonov\u00e9 st\u011bny a do\u0161lo t\u00e9\u017e k\u00a0vystrojen\u00ed jeskyn\u011b ocelov\u00fdmi postupov\u00fdmi \u00a0\u017eeb\u0159\u00edky (2024). V sou\u010dasn\u00e9 dob\u011b je v jeskyni pracovn\u00ed \u010dinnost utlumena a prov\u00e1d\u00ed se pouze odb\u011bry vody a kontroly stavu zaji\u0161t\u011bn\u00ed.<\/p>\n<p>&nbsp;<\/p>\n<p>Mapa ke sta\u017een\u00ed <a title=\"--- ZDE ---\" href=\"http:\/\/www.zlatykun.com\/wp-content\/uploads\/2014\/01\/Bonzak_sluj_12_2013.pdf\">ZDE<\/a><\/p>\n","protected":false},"excerpt":{"rendered":"<p>Subvertik\u00e1ln\u00ed jeskyn\u011b s\u00a0vodou zatopen\u00fdmi voln\u00fdmi prostorami v lomu Kobyla, v t\u011bsn\u00e9 bl\u00edzkosti o\u010dkovsk\u00e9ho p\u0159esmyku. Novodob\u00e9 v\u00fdkopy byly zapo\u010daty v\u00a0z\u00e1v\u011bru 20. stolet\u00ed, po epizodick\u00fdch pracech do\u0161lo v\u00a0roce 2015 v\u00a0nejhlub\u0161\u00edch parti\u00edch jeskyn\u011b k\u00a0pr\u016fstupu do voln\u00fdch prostor s\u00a0hladinou podzemn\u00ed vody. \u010cerpac\u00edm pokusem v\u00a0roce 2016 bylo zp\u0159\u00edstupn\u011bno dal\u0161\u00edch zhruba 10 m v\u00fd\u0161kov\u00fdch jeskyn\u011b a sou\u010dasn\u00e1 d\u00e9lka chodeb tak \u010din\u00ed [&hellip;]<\/p>\n","protected":false},"author":3,"featured_media":0,"parent":816,"menu_order":0,"comment_status":"closed","ping_status":"open","template":"sidebar-page.php","meta":{"footnotes":""},"class_list":["post-52","page","type-page","status-publish","hentry"],"_links":{"self":[{"href":"https:\/\/zlatykun.com\/index.php?rest_route=\/wp\/v2\/pages\/52","targetHints":{"allow":["GET"]}}],"collection":[{"href":"https:\/\/zlatykun.com\/index.php?rest_route=\/wp\/v2\/pages"}],"about":[{"href":"https:\/\/zlatykun.com\/index.php?rest_route=\/wp\/v2\/types\/page"}],"author":[{"embeddable":true,"href":"https:\/\/zlatykun.com\/index.php?rest_route=\/wp\/v2\/users\/3"}],"replies":[{"embeddable":true,"href":"https:\/\/zlatykun.com\/index.php?rest_route=%2Fwp%2Fv2%2Fcomments&post=52"}],"version-history":[{"count":4,"href":"https:\/\/zlatykun.com\/index.php?rest_route=\/wp\/v2\/pages\/52\/revisions"}],"predecessor-version":[{"id":1367,"href":"https:\/\/zlatykun.com\/index.php?rest_route=\/wp\/v2\/pages\/52\/revisions\/1367"}],"up":[{"embeddable":true,"href":"https:\/\/zlatykun.com\/index.php?rest_route=\/wp\/v2\/pages\/816"}],"wp:attachment":[{"href":"https:\/\/zlatykun.com\/index.php?rest_route=%2Fwp%2Fv2%2Fmedia&parent=52"}],"curies":[{"name":"wp","href":"https:\/\/api.w.org\/{rel}","templated":true}]}}