{"id":48,"date":"2012-01-28T12:28:59","date_gmt":"2012-01-28T12:28:59","guid":{"rendered":"http:\/\/www.zlatykun.com\/?page_id=48"},"modified":"2025-02-10T19:07:34","modified_gmt":"2025-02-10T19:07:34","slug":"bufetova-jeskyne-tez-bufet","status":"publish","type":"page","link":"https:\/\/zlatykun.com\/?page_id=48","title":{"rendered":"Bufetov\u00e1 jeskyn\u011b (t\u00e9\u017e Bufet)"},"content":{"rendered":"<p>Le\u017e\u00ed v lomu Zlat\u00fd kon\u00edk pod sou\u010dasn\u00fdm vchodem do zp\u0159\u00edstupn\u011bn\u00e9 \u010d\u00e1sti Kon\u011bprusk\u00fdch jeskyn\u00ed. Vchod se nal\u00e9z\u00e1 cca 20 m pod \u00farovn\u00ed betonov\u00e9ho chodn\u00edku do p\u0159\u00edstupn\u00fdch jeskyn\u00ed, p\u0159i vrcholu hlinit\u00e9ho ku\u017eele n\u00e1sypu do lomu. Propas\u0165ovit\u00fd charakter jeskyn\u011b je d\u00e1n vazbou na subvertik\u00e1ln\u00ed diskontinuity, jejich\u017e koroz\u00ed jeskyn\u011b vznikla. Dutina byla zkoum\u00e1na na konci 70. let 20. stolet\u00ed (v\u00fdkopy nevedly k objevu voln\u00e9ho prostoru) a n\u00e1sledn\u011b znovu od roku 1996, p\u0159i\u010dem\u017e po objeven\u00ed cca 4 m voln\u00e9ho horizont\u00e1ln\u00edho \u00faseku jeskyn\u011b bylo intenzivn\u011b postupov\u00e1no do hloubky ji\u017e pouze v\u00a0hlinit\u00fdch v\u00fdpln\u00edch. Pro obt\u00ed\u017ee s\u00a0dal\u0161\u00edmi v\u00fdkopy z\u00a0d\u016fvodu st\u00e1le se zu\u017euj\u00edc\u00edch prostor byly prolonga\u010dn\u00ed aktivity ukon\u010deny. Jeskyn\u011b byla opat\u0159ena ochrann\u00fdm uz\u00e1v\u011brem a dal\u0161\u00ed v\u00fdkopov\u00e9 pr\u00e1ce ji\u017e nejsou pl\u00e1nov\u00e1ny. Celkov\u00e1 d\u00e9lka chodeb \u010din\u00ed zhruba 18 m p\u0159i denivelaci 14 m.<\/p>\n","protected":false},"excerpt":{"rendered":"<p>Le\u017e\u00ed v lomu Zlat\u00fd kon\u00edk pod sou\u010dasn\u00fdm vchodem do zp\u0159\u00edstupn\u011bn\u00e9 \u010d\u00e1sti Kon\u011bprusk\u00fdch jeskyn\u00ed. Vchod se nal\u00e9z\u00e1 cca 20 m pod \u00farovn\u00ed betonov\u00e9ho chodn\u00edku do p\u0159\u00edstupn\u00fdch jeskyn\u00ed, p\u0159i vrcholu hlinit\u00e9ho ku\u017eele n\u00e1sypu do lomu. Propas\u0165ovit\u00fd charakter jeskyn\u011b je d\u00e1n vazbou na subvertik\u00e1ln\u00ed diskontinuity, jejich\u017e koroz\u00ed jeskyn\u011b vznikla. Dutina byla zkoum\u00e1na na konci 70. let 20. stolet\u00ed [&hellip;]<\/p>\n","protected":false},"author":3,"featured_media":0,"parent":816,"menu_order":0,"comment_status":"closed","ping_status":"open","template":"","meta":{"footnotes":""},"class_list":["post-48","page","type-page","status-publish","hentry"],"_links":{"self":[{"href":"https:\/\/zlatykun.com\/index.php?rest_route=\/wp\/v2\/pages\/48","targetHints":{"allow":["GET"]}}],"collection":[{"href":"https:\/\/zlatykun.com\/index.php?rest_route=\/wp\/v2\/pages"}],"about":[{"href":"https:\/\/zlatykun.com\/index.php?rest_route=\/wp\/v2\/types\/page"}],"author":[{"embeddable":true,"href":"https:\/\/zlatykun.com\/index.php?rest_route=\/wp\/v2\/users\/3"}],"replies":[{"embeddable":true,"href":"https:\/\/zlatykun.com\/index.php?rest_route=%2Fwp%2Fv2%2Fcomments&post=48"}],"version-history":[{"count":3,"href":"https:\/\/zlatykun.com\/index.php?rest_route=\/wp\/v2\/pages\/48\/revisions"}],"predecessor-version":[{"id":1368,"href":"https:\/\/zlatykun.com\/index.php?rest_route=\/wp\/v2\/pages\/48\/revisions\/1368"}],"up":[{"embeddable":true,"href":"https:\/\/zlatykun.com\/index.php?rest_route=\/wp\/v2\/pages\/816"}],"wp:attachment":[{"href":"https:\/\/zlatykun.com\/index.php?rest_route=%2Fwp%2Fv2%2Fmedia&parent=48"}],"curies":[{"name":"wp","href":"https:\/\/api.w.org\/{rel}","templated":true}]}}