{"id":44,"date":"2012-01-28T12:28:00","date_gmt":"2012-01-28T12:28:00","guid":{"rendered":"http:\/\/www.zlatykun.com\/?page_id=44"},"modified":"2025-02-10T19:09:16","modified_gmt":"2025-02-10T19:09:16","slug":"jezerni-propast","status":"publish","type":"page","link":"https:\/\/zlatykun.com\/?page_id=44","title":{"rendered":"Jezern\u00ed propast"},"content":{"rendered":"<p>11. 1. 1991 do\u0161lo p\u0159i pr\u00e1ci naklada\u010dem na t\u0159et\u00ed et\u00e1\u017ei velkolomu \u010certovy schody k pro\u0159\u00edcen\u00ed jej\u00edho dna. Otev\u0159elo se tak \u00fast\u00ed Jezern\u00ed propasti. Vchod se nach\u00e1zel v nadmo\u0159sk\u00e9 v\u00fd\u0161ce 428 m a vstupn\u00ed \u010d\u00e1st klesala svisle k vodn\u00ed hladin\u011b, kter\u00e1 v pr\u016fb\u011bhu doby oscilovala v rozmez\u00ed 7 a\u017e 16 m pod vchodem. B\u011bhem srpna a z\u00e1\u0159\u00ed roku 1991 se poda\u0159ilo \u010derp\u00e1n\u00edm sn\u00ed\u017eit hladinu o 7 m, ale v\u00fdkon \u010derpadla nebyl dostate\u010dn\u00fd k dal\u0161\u00edmu sn\u00ed\u017een\u00ed hladiny. B\u011bhem jara roku 1992 byla hladina sn\u00ed\u017eena soustavou \u010derpadel o dal\u0161\u00edch 21 m a odkryl se prostorn\u00fd d\u00f3m o rozm\u011brech 60 x 12 x 10 metr\u016f, na jeho\u017e severn\u00edm konci z\u016fstalo jezero o max. zji\u0161t\u011bn\u00e9 hloubce 3 m. V hloubce cca 30 m byla ji\u017en\u00edm sm\u011brem vyb\u00edhaj\u00edc\u00ed v\u011btev, ze kter\u00e9 v dob\u011b \u010derp\u00e1n\u00ed p\u0159it\u00e9kala voda. Celkov\u00e1 zji\u0161t\u011bn\u00e1 hloubka propasti \u010din\u00ed tedy 52 m.<\/p>\n<p>Cel\u00e1 jezern\u00ed propast byla pravd\u011bpodobn\u011b vypln\u011bna vodou, o \u010dem\u017e sv\u011bd\u010d\u00ed nep\u0159\u00edtomnost gravita\u010dn\u00ed kr\u00e1pn\u00edkov\u00e9 v\u00fdzdoby. St\u011bny jeskyn\u011b v\u010detn\u011b skalnat\u00e9ho dna byly pokryty kalcitov\u00fdmi povlaky a krystaly o velikosti a\u017e 10 cm. V p\u0159\u00edtokov\u00e9 v\u011btvi vyb\u00edhaj\u00edc\u00ed z jeskyn\u011b ji\u017en\u00edm sm\u011brem se daly nal\u00e9zt akumulace Fe a Mn hydratovan\u00fdch oxid\u016f, kter\u00e9 byly d\u00edlem sypk\u00e9. V t\u011bchto akumulac\u00edch i na kalcitov\u00fdch krystalech se vyskytovala k\u0159emenn\u00e1 vl\u00e1kna, obdobn\u00e1 n\u00e1lez\u016fm z V\u010cS z\u00e1pad. Charakter v\u00fdpln\u00ed jeskyn\u011b je naprosto shodn\u00fd s nejmlad\u0161\u00edmi v\u00fdpln\u011bmi dutin na tektonick\u00fdch lini\u00edch. Proto lze usuzovat, \u017ee jeskyn\u011b vznikla v dob\u011b tektonick\u00fdch pohyb\u016f v t\u00e9to oblasti.<\/p>\n<p><span style=\"font-size: 1rem;\">Po ukon\u010den\u00ed dokumenta\u010dn\u00edch prac\u00ed bylo \u00fast\u00ed jeskyn\u011b zasyp\u00e1no a bylo rozhodnuto, \u017ee kolem hlavn\u00ed prostory bude ponech\u00e1n ochrann\u00fd pil\u00ed\u0159, do n\u011bho\u017e by pozd\u011bji mohl b\u00fdt vyra\u017een nov\u00fd vchod. Jeskyn\u011b je tedy v\u00a0konzervaci.<\/span><\/p>\n","protected":false},"excerpt":{"rendered":"<p>11. 1. 1991 do\u0161lo p\u0159i pr\u00e1ci naklada\u010dem na t\u0159et\u00ed et\u00e1\u017ei velkolomu \u010certovy schody k pro\u0159\u00edcen\u00ed jej\u00edho dna. Otev\u0159elo se tak \u00fast\u00ed Jezern\u00ed propasti. Vchod se nach\u00e1zel v nadmo\u0159sk\u00e9 v\u00fd\u0161ce 428 m a vstupn\u00ed \u010d\u00e1st klesala svisle k vodn\u00ed hladin\u011b, kter\u00e1 v pr\u016fb\u011bhu doby oscilovala v rozmez\u00ed 7 a\u017e 16 m pod vchodem. B\u011bhem srpna a [&hellip;]<\/p>\n","protected":false},"author":3,"featured_media":0,"parent":816,"menu_order":0,"comment_status":"closed","ping_status":"open","template":"sidebar-page.php","meta":{"footnotes":""},"class_list":["post-44","page","type-page","status-publish","hentry"],"_links":{"self":[{"href":"https:\/\/zlatykun.com\/index.php?rest_route=\/wp\/v2\/pages\/44","targetHints":{"allow":["GET"]}}],"collection":[{"href":"https:\/\/zlatykun.com\/index.php?rest_route=\/wp\/v2\/pages"}],"about":[{"href":"https:\/\/zlatykun.com\/index.php?rest_route=\/wp\/v2\/types\/page"}],"author":[{"embeddable":true,"href":"https:\/\/zlatykun.com\/index.php?rest_route=\/wp\/v2\/users\/3"}],"replies":[{"embeddable":true,"href":"https:\/\/zlatykun.com\/index.php?rest_route=%2Fwp%2Fv2%2Fcomments&post=44"}],"version-history":[{"count":2,"href":"https:\/\/zlatykun.com\/index.php?rest_route=\/wp\/v2\/pages\/44\/revisions"}],"predecessor-version":[{"id":1369,"href":"https:\/\/zlatykun.com\/index.php?rest_route=\/wp\/v2\/pages\/44\/revisions\/1369"}],"up":[{"embeddable":true,"href":"https:\/\/zlatykun.com\/index.php?rest_route=\/wp\/v2\/pages\/816"}],"wp:attachment":[{"href":"https:\/\/zlatykun.com\/index.php?rest_route=%2Fwp%2Fv2%2Fmedia&parent=44"}],"curies":[{"name":"wp","href":"https:\/\/api.w.org\/{rel}","templated":true}]}}