{"id":41,"date":"2012-01-28T12:26:10","date_gmt":"2012-01-28T12:26:10","guid":{"rendered":"http:\/\/www.zlatykun.com\/?page_id=41"},"modified":"2025-02-10T19:10:39","modified_gmt":"2025-02-10T19:10:39","slug":"mala-panama","status":"publish","type":"page","link":"https:\/\/zlatykun.com\/?page_id=41","title":{"rendered":"Mal\u00e1 Panama"},"content":{"rendered":"<p>11. listopadu 2001 v 11.15 hod byla objevena \u010dleny na\u0161\u00ed skupiny nov\u00e1 jeskyn\u011b. Byla nazv\u00e1na Mal\u00e1 PANAMA. Nach\u00e1z\u00ed se v prostoru lomu Ple\u0161ivec, kde ji\u017e n\u011bkolik let neprob\u00edh\u00e1 t\u011b\u017eba (do\u010dasn\u011b zastaven\u00fd provoz). Po proveden\u00ed mapov\u00e9 dokumentace a popisu jeskyn\u011b byly prolonga\u010dn\u00ed pr\u00e1ce c\u00edleny na spojen\u00ed chodeb s d\u0159\u00edve objevenou jeskyn\u00ed PANAMA. N\u011bkolikalet\u00e1 pr\u00e1ce na vykl\u00edzen\u00ed sediment\u016f z \u00fa\u017einy, zvan\u00e9 Panamsk\u00fd pr\u016fplav, nevedla k \u00fasp\u011bchu a ke spojen\u00ed obou jeskyn\u00ed do\u0161lo a\u017e po zm\u011bn\u011b metodick\u00e9ho p\u0159\u00edstupu k propojen\u00ed obou jeskyn\u00ed (geofyzik\u00e1ln\u00ed pr\u016fzkum a n\u00e1sledn\u00fd 20 m pr\u016fkop). Celkov\u00e1 d\u00e9lka zat\u00edm zn\u00e1m\u00fdch prostor je cca 170 m<span style=\"font-size: 1rem;\">.<\/span><\/p>\n","protected":false},"excerpt":{"rendered":"<p>11. listopadu 2001 v 11.15 hod byla objevena \u010dleny na\u0161\u00ed skupiny nov\u00e1 jeskyn\u011b. Byla nazv\u00e1na Mal\u00e1 PANAMA. Nach\u00e1z\u00ed se v prostoru lomu Ple\u0161ivec, kde ji\u017e n\u011bkolik let neprob\u00edh\u00e1 t\u011b\u017eba (do\u010dasn\u011b zastaven\u00fd provoz). Po proveden\u00ed mapov\u00e9 dokumentace a popisu jeskyn\u011b byly prolonga\u010dn\u00ed pr\u00e1ce c\u00edleny na spojen\u00ed chodeb s d\u0159\u00edve objevenou jeskyn\u00ed PANAMA. N\u011bkolikalet\u00e1 pr\u00e1ce na vykl\u00edzen\u00ed [&hellip;]<\/p>\n","protected":false},"author":3,"featured_media":0,"parent":816,"menu_order":0,"comment_status":"closed","ping_status":"open","template":"sidebar-page.php","meta":{"footnotes":""},"class_list":["post-41","page","type-page","status-publish","hentry"],"_links":{"self":[{"href":"https:\/\/zlatykun.com\/index.php?rest_route=\/wp\/v2\/pages\/41","targetHints":{"allow":["GET"]}}],"collection":[{"href":"https:\/\/zlatykun.com\/index.php?rest_route=\/wp\/v2\/pages"}],"about":[{"href":"https:\/\/zlatykun.com\/index.php?rest_route=\/wp\/v2\/types\/page"}],"author":[{"embeddable":true,"href":"https:\/\/zlatykun.com\/index.php?rest_route=\/wp\/v2\/users\/3"}],"replies":[{"embeddable":true,"href":"https:\/\/zlatykun.com\/index.php?rest_route=%2Fwp%2Fv2%2Fcomments&post=41"}],"version-history":[{"count":2,"href":"https:\/\/zlatykun.com\/index.php?rest_route=\/wp\/v2\/pages\/41\/revisions"}],"predecessor-version":[{"id":1370,"href":"https:\/\/zlatykun.com\/index.php?rest_route=\/wp\/v2\/pages\/41\/revisions\/1370"}],"up":[{"embeddable":true,"href":"https:\/\/zlatykun.com\/index.php?rest_route=\/wp\/v2\/pages\/816"}],"wp:attachment":[{"href":"https:\/\/zlatykun.com\/index.php?rest_route=%2Fwp%2Fv2%2Fmedia&parent=41"}],"curies":[{"name":"wp","href":"https:\/\/api.w.org\/{rel}","templated":true}]}}