{"id":38,"date":"2012-01-28T12:25:33","date_gmt":"2012-01-28T12:25:33","guid":{"rendered":"http:\/\/www.zlatykun.com\/?page_id=38"},"modified":"2014-01-16T15:08:40","modified_gmt":"2014-01-16T15:08:40","slug":"nase-cinnost","status":"publish","type":"page","link":"https:\/\/zlatykun.com\/?page_id=38","title":{"rendered":"Na\u0161e \u010dinnost"},"content":{"rendered":"<h4 style=\"text-align: center;\"><a title=\"Jeskyn\u011b\" href=\"http:\/\/zlatykun.com\/?page_id=816\"><strong>Jeskyn\u011b v \u010cesk\u00e9m krasu<\/strong><\/a><\/h4>\n<h4 style=\"text-align: center;\"><a title=\"B\u00e1\u0148sko-historick\u00e9 podzem\u00ed\" href=\"http:\/\/zlatykun.com\/?page_id=814\">Historick\u00e9 podzem\u00ed<\/a><\/h4>\n","protected":false},"excerpt":{"rendered":"<p>Jeskyn\u011b v \u010cesk\u00e9m krasu Historick\u00e9 podzem\u00ed<\/p>\n","protected":false},"author":3,"featured_media":0,"parent":0,"menu_order":4,"comment_status":"closed","ping_status":"closed","template":"","meta":{"footnotes":""},"class_list":["post-38","page","type-page","status-publish","hentry"],"_links":{"self":[{"href":"https:\/\/zlatykun.com\/index.php?rest_route=\/wp\/v2\/pages\/38","targetHints":{"allow":["GET"]}}],"collection":[{"href":"https:\/\/zlatykun.com\/index.php?rest_route=\/wp\/v2\/pages"}],"about":[{"href":"https:\/\/zlatykun.com\/index.php?rest_route=\/wp\/v2\/types\/page"}],"author":[{"embeddable":true,"href":"https:\/\/zlatykun.com\/index.php?rest_route=\/wp\/v2\/users\/3"}],"replies":[{"embeddable":true,"href":"https:\/\/zlatykun.com\/index.php?rest_route=%2Fwp%2Fv2%2Fcomments&post=38"}],"version-history":[{"count":9,"href":"https:\/\/zlatykun.com\/index.php?rest_route=\/wp\/v2\/pages\/38\/revisions"}],"predecessor-version":[{"id":846,"href":"https:\/\/zlatykun.com\/index.php?rest_route=\/wp\/v2\/pages\/38\/revisions\/846"}],"wp:attachment":[{"href":"https:\/\/zlatykun.com\/index.php?rest_route=%2Fwp%2Fv2%2Fmedia&parent=38"}],"curies":[{"name":"wp","href":"https:\/\/api.w.org\/{rel}","templated":true}]}}