{"id":36,"date":"2012-01-28T12:20:30","date_gmt":"2012-01-28T12:20:30","guid":{"rendered":"http:\/\/www.zlatykun.com\/?page_id=36"},"modified":"2018-02-01T14:56:03","modified_gmt":"2018-02-01T14:56:03","slug":"zajimave-odkazy","status":"publish","type":"page","link":"https:\/\/zlatykun.com\/?page_id=36","title":{"rendered":"Zaj\u00edmav\u00e9 odkazy"},"content":{"rendered":"<table width=\"90%\" border=\"0\" cellspacing=\"0\" cellpadding=\"4\">\n<tbody>\n<tr>\n<td width=\"200\"><strong>Odkaz<\/strong><\/td>\n<td width=\"250\"><strong>Info<\/strong><\/td>\n<\/tr>\n<tr>\n<td width=\"200\"><a href=\"http:\/\/www.speleo.cz\" target=\"new\">\u010cSS<\/a><\/td>\n<td width=\"250\">\u010cesk\u00e1 speleologick\u00e1 spole\u010dnost<\/td>\n<\/tr>\n<tr>\n<td width=\"200\"><a href=\"http:\/\/www.podzemi.net\" target=\"new\">Str\u00e1nky nejen o podzem\u00ed<\/a><\/td>\n<td width=\"250\">Krtkovo str\u00e1nky nejen o podzem\u00ed<\/td>\n<\/tr>\n<tr>\n<td width=\"200\"><a href=\"http:\/\/www.nautilus.cz\" target=\"new\">Nautilus<\/a><\/td>\n<td width=\"250\">http:\/\/www.nautilus.cz\/<\/td>\n<\/tr>\n<tr>\n<td width=\"200\"><a href=\"http:\/\/www.geospeleos.com\" target=\"new\">Geospeleos<\/a><\/td>\n<td width=\"250\">http:\/\/www.geospeleos.com<\/td>\n<\/tr>\n<tr>\n<td width=\"200\"><a href=\"http:\/\/www.jeskynar.cz\/\" target=\"new\">Jesky\u0148\u00e1\u0159<\/a><\/td>\n<td width=\"250\">Str\u00e1nky o podzem\u00ed, zat\u00edm v \u00fapadku<\/td>\n<\/tr>\n<tr>\n<td width=\"200\"><a href=\"http:\/\/blog.jeskynar.cz\" target=\"new\">Blog Jesky\u0148\u00e1\u0159<\/a><\/td>\n<td width=\"250\">Za\u010d\u00edn\u00e1 se rozj\u00ed\u017ed\u011bt blog serveru Jesky\u0148\u00e1\u0159, informace o materi\u00e1lu, aktu\u00e1ln\u00edch akc\u00edch atd.<\/td>\n<\/tr>\n<tr>\n<td width=\"200\"><a href=\"http:\/\/www.planivy.cz\" target=\"new\">Pl\u00e1nivsk\u00e1 skupina<\/a><\/td>\n<td width=\"250\">ZO 6-19 Pl\u00e1nivsk\u00e1 skupina<\/td>\n<\/tr>\n<tr>\n<td width=\"200\"><a href=\"http:\/\/www.sss.sk\" target=\"new\">Slovensk\u00e1 speleologick\u00e1 spole\u010dnost<\/a><\/td>\n<td width=\"250\">Slovensk\u00e1 speleologick\u00e1 spole\u010dnost<\/td>\n<\/tr>\n<tr>\n<td width=\"200\"><a href=\"http:\/\/1-02.speleo.cz\" target=\"new\">ZO \u010cSS 1-02 Tet\u00edn<\/a><\/td>\n<td width=\"250\">Jeskyn\u00e1\u0159i tet\u00edn<\/td>\n<\/tr>\n<tr>\n<td width=\"200\"><a href=\"http:\/\/geoportal.cenia.cz\/mapmaker\/cenia\/portal\" target=\"new\">Ortofoto \u010cR<\/a><\/td>\n<td width=\"250\">V soucasnosti nejlepsi mapy CR na webu (1:25 000 + ortofoto)<\/td>\n<\/tr>\n<tr>\n<td width=\"200\"><a href=\"http:\/\/www.punkevni-jeskyne.cz\" target=\"new\">Punkevn\u00ed jeskyn\u011b<\/a><\/td>\n<td width=\"250\">www.punkevni-jeskyne.cz<\/td>\n<\/tr>\n<tr>\n<td width=\"200\"><a href=\"http:\/\/therion.speleo.sk\" target=\"new\">Therion<\/a><\/td>\n<td width=\"250\">Software pro kreslen\u00ed map + mapovac\u00ed pom\u016fcka Therion Protractor<\/td>\n<\/tr>\n<tr>\n<td width=\"200\"><a href=\"http:\/\/flashlightreviews.com\/reviews_index\/reviews_index_headlamps.htm\" target=\"new\">Test \u010delovek<\/a><\/td>\n<td width=\"250\">Odkaz doporu\u010dil Slov\u00e1k\u016fm Martin Sluka a tam jsem to okop\u010dil<\/td>\n<\/tr>\n<tr>\n<td width=\"200\"><a href=\"http:\/\/caves.cz\" target=\"new\">SJ\u010cR<\/a><\/td>\n<td width=\"250\">Spr\u00e1va jeskyn\u00ed \u010cR<\/td>\n<\/tr>\n<\/tbody>\n<\/table>\n","protected":false},"excerpt":{"rendered":"<p>Odkaz Info \u010cSS \u010cesk\u00e1 speleologick\u00e1 spole\u010dnost Str\u00e1nky nejen o podzem\u00ed Krtkovo str\u00e1nky nejen o podzem\u00ed Nautilus http:\/\/www.nautilus.cz\/ Geospeleos http:\/\/www.geospeleos.com Jesky\u0148\u00e1\u0159 Str\u00e1nky o podzem\u00ed, zat\u00edm v \u00fapadku Blog Jesky\u0148\u00e1\u0159 Za\u010d\u00edn\u00e1 se rozj\u00ed\u017ed\u011bt blog serveru Jesky\u0148\u00e1\u0159, informace o materi\u00e1lu, aktu\u00e1ln\u00edch akc\u00edch atd. Pl\u00e1nivsk\u00e1 skupina ZO 6-19 Pl\u00e1nivsk\u00e1 skupina Slovensk\u00e1 speleologick\u00e1 spole\u010dnost Slovensk\u00e1 speleologick\u00e1 spole\u010dnost ZO \u010cSS 1-02 [&hellip;]<\/p>\n","protected":false},"author":3,"featured_media":0,"parent":0,"menu_order":9,"comment_status":"closed","ping_status":"closed","template":"","meta":{"footnotes":""},"class_list":["post-36","page","type-page","status-publish","hentry"],"_links":{"self":[{"href":"https:\/\/zlatykun.com\/index.php?rest_route=\/wp\/v2\/pages\/36","targetHints":{"allow":["GET"]}}],"collection":[{"href":"https:\/\/zlatykun.com\/index.php?rest_route=\/wp\/v2\/pages"}],"about":[{"href":"https:\/\/zlatykun.com\/index.php?rest_route=\/wp\/v2\/types\/page"}],"author":[{"embeddable":true,"href":"https:\/\/zlatykun.com\/index.php?rest_route=\/wp\/v2\/users\/3"}],"replies":[{"embeddable":true,"href":"https:\/\/zlatykun.com\/index.php?rest_route=%2Fwp%2Fv2%2Fcomments&post=36"}],"version-history":[{"count":20,"href":"https:\/\/zlatykun.com\/index.php?rest_route=\/wp\/v2\/pages\/36\/revisions"}],"predecessor-version":[{"id":1211,"href":"https:\/\/zlatykun.com\/index.php?rest_route=\/wp\/v2\/pages\/36\/revisions\/1211"}],"wp:attachment":[{"href":"https:\/\/zlatykun.com\/index.php?rest_route=%2Fwp%2Fv2%2Fmedia&parent=36"}],"curies":[{"name":"wp","href":"https:\/\/api.w.org\/{rel}","templated":true}]}}