{"id":143,"date":"2012-01-30T22:26:26","date_gmt":"2012-01-30T22:26:26","guid":{"rendered":"http:\/\/www.zlatykun.com\/?page_id=143"},"modified":"2019-02-07T22:16:08","modified_gmt":"2019-02-07T22:16:08","slug":"petzoldovy-jeskyne","status":"publish","type":"page","link":"https:\/\/zlatykun.com\/?page_id=143","title":{"rendered":"Petzoldovy jeskyn\u011b v \u010cesk\u00e9m krasu trochu jinak"},"content":{"rendered":"<p style=\"text-align: justify;\"><em>Zden\u011bk Mengler, Pavel Amler, Karel \u017d\u00e1k a Martin Majer<\/em><\/p>\n<p style=\"text-align: justify;\">Hned v \u00favodu bych r\u00e1d v\u011bnoval vzpom\u00ednku na jednoho z badatel\u016f a p\u0159\u00edznivce speleologie nejen v \u010cesk\u00e9m krasu &#8211; Vladim\u00edra <em>Wabiho<\/em> St\u00e1rku. Jist\u011b si mnoz\u00ed pamatuj\u00ed na jeho fotografie, \u010dl\u00e1nky \u010di zpr\u00e1vi\u010dky a nebo dokonce na osobn\u00ed setk\u00e1n\u00ed s n\u00edm. V jeho \u010dl\u00e1nc\u00edch, nejen v\u00e1\u017en\u00fdch, ale i humorn\u00fdch, se na\u0161lo v\u017edy n\u011bco, co zaujalo \u010di inspirovalo.<\/p>\n<p style=\"text-align: justify;\">I n\u00e1m se poda\u0159ilo sv\u00e9 jesky\u0148\u00e1\u0159sk\u00e9 za\u010d\u00e1tky pro\u017e\u00edt v jeho p\u0159\u00edtomnosti. A pr\u00e1v\u011b to Wabiho lehce spojuje s nov\u00fdmi objevy v jeskyn\u00edch Petzoldova lomu. Pr\u00e1v\u011b s n\u00edm jsme toti\u017e u\u017e jako &#8222;n\u00e1ctilet\u00ed&#8220; prol\u00e9zali nejen jeskyn\u011b kolem Srbska, Petzold\u016fv lom nevyj\u00edmaje, ale cel\u00fd kras. Tehdy jsme v\u0161ak v Petzoldov\u011b lomu je\u0161t\u011b nic nov\u00e9ho neobjevili. Wabi se ov\u0161em o Petzold\u016fv lom zaj\u00edmal ji\u017e d\u0159\u00edve, v den\u00edku si zaznamenal n\u00e1v\u0161t\u011bvu tzv. Bl\u00e1tiv\u00e9 jeskyn\u011b pod dnem lomu. Ta m\u00e1 dnes zasypan\u00fd vstup, tak\u017ee krom\u011b Ji\u0159\u00edho Kukly a Wabiho j\u00ed asi vid\u011bl jen m\u00e1lokdo.<\/p>\n<p style=\"text-align: justify;\">Jak roky plynuly, ob\u010das se v okoln\u00edch hosp\u016fdk\u00e1ch n\u011bco utrousilo o nad\u011bjnosti lokality a s p\u0159ib\u00fdvaj\u00edc\u00ed konzumac\u00ed alkoholick\u00fdch n\u00e1poj\u016f s\u00edlilo i objevitelsk\u00e9 nad\u0161en\u00ed. To ale v\u017edy rychle vyprchalo, neb podnikatelsk\u00e9 z\u00e1m\u011bry dne\u0161n\u00ed doby \u010di man\u017eelky (pop\u0159\u00edpad\u011b oboj\u00ed) m\u011bly na objevov\u00e1n\u00ed jeskyn\u00ed sv\u016fj n\u00e1zor. Trochu zkou\u0161eli n\u011bkter\u00e9 dutiny v lomu po\u010d\u00e1tkem 90. let po\u0161k\u00e1dlit \u010dlenov\u00e9 speleologick\u00e9 skupiny Barrandien, postoupili ale jen o mal\u00e9 kousky. Nejd\u00e1l v jeskyni Petzoldka, necel\u00fdch 20 m.<\/p>\n<div><a href=\"http:\/\/www.zlatykun.com\/2012\/01\/130\/petzoldovy_1\/\" rel=\"attachment wp-att-140\"><img loading=\"lazy\" decoding=\"async\" class=\"alignright size-full wp-image-140\" title=\"Petzoldovy_1\" src=\"http:\/\/www.zlatykun.com\/wp-content\/uploads\/2012\/01\/Petzoldovy_1.jpg\" alt=\"\" width=\"400\" height=\"597\" \/><\/a><\/div>\n<p style=\"text-align: justify;\">To je asi tak v\u0161e z historie, kdy lid jesky\u0148\u00e1\u0159sk\u00fd \u0159ekl &#8211; tam by st\u00e1lo za to kopnout, ale d\u00e1l se ned\u011blo nic. Proto jsme spolu s Karlem \u017d\u00e1kem ke konzulta\u010dn\u00edm n\u00e1v\u0161t\u011bv\u00e1m lokalit v Petzoldov\u011b lomu p\u0159ihodili do batohu i lopatku. Zanedlouho se k n\u00e1m p\u0159ipojili i dal\u0161\u00ed majitel\u00e9 st\u00e1le \u0161pinav\u00fdch overal\u016f. V z\u00e1v\u011bru roku 2008, kdy leno\u0161en\u00ed a pov\u00e1no\u010dn\u00ed siesta braly zasv\u00e9 a bylo t\u00e9m\u011b\u0159 nutn\u00e9 prot\u00e1hnou t\u011blo, jsme se rozhodli to v Petzoldu zkusit. V jeskyni V suti se za mraziv\u00e9ho prosincov\u00e9ho dne parn\u00ed opar (zn\u00e1m\u00fd v\u00fddech ji\u017e od pades\u00e1t\u00fdch let minul\u00e9ho stolet\u00ed) m\u00edsil s oparem lehce alkoholov\u00fdm, prokl\u00e1dan\u00fd jadrnou jesky\u0148\u00e1\u0159skou mluvou. Jak\u00fd \u00fa\u017easn\u00fd z\u00e1\u017eitek poskytuje pod\u00e1v\u00e1n\u00ed kamen\u016f z ruky do ruky na t\u00e9m\u011b\u0159 \u010dty\u0159metrov\u00e9m \u017eeb\u0159\u00edku, kdy\u017e ona ruka je posti\u017eena mocn\u00fdm t\u0159esem z p\u0159ede\u0161l\u00e9 t\u00e9m\u011b\u0159 profl\u00e1movan\u00e9 noci. Ale m\u011blo to i sv\u00e9 plus. T\u00edmto zp\u016fsobem se relativn\u011b rychle dost\u00e1val ne\u017e\u00e1douc\u00ed materi\u00e1l z jeskyn\u011b na povrch. Postupn\u011b jsme se zahlubovali, a\u017e jsme v hloubce \u0161esti metr\u016f dos\u00e1hli zd\u00e1nliv\u00e9ho dna, respektive skaln\u00ed desky, pod kterou se r\u00fdsoval temn\u011b zej\u00edc\u00ed otvor se slu\u0161n\u00fdm pr\u016fvanem. To u\u017e se ale datoval 21. leden 2009 a po \u201eeliminov\u00e1n\u00ed\u201c desky (kde chyb\u00ed rozum, nastupuje hrub\u00e1 s\u00edla a dob\u0159e m\u00ed\u0159en\u00e9 r\u00e1ny desetikilovou palic\u00ed ud\u011blaj\u00ed sv\u00e9) se slova TAM BY TO \u0160LO stala realitou a vstoupili jsme do nov\u00fdch prostor o d\u00e9lce 32 metr\u016f. N\u00e1sledoval klasick\u00fd ritu\u00e1l: fotodokumentace, mapov\u00e1n\u00ed a podobn\u00e9 z\u00e1le\u017eitosti. Bohu\u017eel pr\u016fvan, za kter\u00fdm jsme od za\u010d\u00e1tku \u0161li, se n\u00e1m ztr\u00e1cel v dal\u0161\u00ed nepr\u016flezn\u00e9 puklin\u011b. P\u0159edpokl\u00e1dali jsme, \u017ee pokud se n\u00e1m poda\u0159\u00ed z jeskyn\u011b vyt\u011b\u017eit dostate\u010dn\u00e9 mno\u017estv\u00ed sediment\u016f, najdeme pr\u016flezn\u00e9 m\u00edsto, kudy bychom\u00a0se za pr\u016fvanem a tud\u00ed\u017e i mo\u017enost\u00ed dal\u0161\u00edch objev\u016f dostali. Postupem \u010dasu za\u010dalo sice p\u0159ib\u00fdvat hodn\u011b vyt\u011b\u017een\u00e9ho materi\u00e1lu p\u0159ed jeskyn\u00ed, ale transport byl st\u00e1le obt\u00ed\u017en\u011bj\u0161\u00ed a tak jsme se st\u00e1le pot\u00fdkali s nedostatkem t\u011bch \u0161pinav\u00fdch nad\u0161enc\u016f, co opou\u0161t\u011bj\u00ed rodiny a miz\u00ed v jeskyn\u00edch. (????? v dne\u0161n\u00ed dob\u011b snad siln\u011b naka\u017eliv\u00fd jev ??????) Proto\u017ee se ale v dne\u0161n\u00ed dob\u011b nic neutaj\u00ed a v tomto p\u0159\u00edpad\u011b zve\u0159ejn\u011bn\u00ed nebylo ku \u0161kod\u011b cel\u00e9 v\u011bci, p\u0159idali se i mnoz\u00ed jesky\u0148\u00e1\u0159i jin\u00fdch skupin nap\u0159\u00edklad ak\u010dn\u00ed Mojm\u00edr a precizn\u00ed \u201e map\u00e9r\u201c Lud\u011bk v\u010detn\u011b dal\u0161\u00edho pracovn\u00edho t\u00fdmu.<\/p>\n<p style=\"text-align: center;\"><a href=\"http:\/\/www.zlatykun.com\/2012\/01\/130\/petzoldovy_2\/\" rel=\"attachment wp-att-146\"><img loading=\"lazy\" decoding=\"async\" class=\"aligncenter size-full wp-image-146\" title=\"Petzoldovy_2\" src=\"http:\/\/www.zlatykun.com\/wp-content\/uploads\/2012\/01\/Petzoldovy_2.jpg\" alt=\"\" width=\"540\" height=\"362\" \/><\/a><\/p>\n<p style=\"text-align: justify;\">P\u0159i dal\u0161\u00ed k\u00fdbloh\u0159e (slogan pou\u017eit od \u010dlena ZO 1-04) 4. dubna 2009 projela ruka badatele do dal\u0161\u00edho voln\u00e9ho prostoru a po lehk\u00e9m zahlouben\u00ed prolezl i overal v\u010detn\u011b jeho obsahu.B\u011bhem odborn\u00e9 rozpravy v restauraci U kapli\u010dky jsme se rozhodli pro otev\u0159en\u00ed n\u00ed\u017ee polo\u017een\u00e9 jesky\u0148ky Skulina, jej\u00ed\u017e stav pln\u011b odpov\u00eddal jej\u00edmu n\u00e1zvu. Pokud by se ob\u011b jeskyn\u011b propojily, vy\u0159e\u0161il by se probl\u00e9m transportu materi\u00e1lu z jeskyn\u011b V suti a snad i pr\u016fstup do \u201ed\u00fdchaj\u00edci\u201c pukliny. B\u011bhem n\u011bkolika drobn\u00fdch akc\u00ed se vyjma n\u00e1lezu drobn\u00e9 s\u00ed\u0148ky s \u0161edes\u00e1ticentimetrov\u00fdm rozbit\u00fdm kr\u00e1pn\u00edkem, je\u017e nad\u0161en\u00fd speleolog doma t\u00e9m\u011b\u0159 mezi pol\u00e9vkou a sv\u00ed\u010dkovou se \u0161esti kus\u016f lep\u00ed dohromady (a\u0165 si rodinka taky u\u017eije, \u017ee\u2026), nic z\u00e1sadn\u00edho nep\u0159ihodilo.<\/p>\n<p style=\"text-align: justify;\">Zd\u00e1nliv\u011b obt\u00ed\u017en\u00fd transport materi\u00e1lu ve Skulin\u011b byl zjednodu\u0161en skv\u011blou v\u00e1le\u010dkovou drahou, po kter\u00e9 se proh\u00e1n\u011bj\u00ed se\u0159\u00edznut\u00e9 25litrov\u00e9 plastov\u00e9 barely. S touto \u201etechnikou\u201c a s po\u010dtem akc\u00ed se deponie p\u0159ed jeskyn\u00ed ne\u00fam\u011brn\u011b zv\u011bt\u0161ila a kladn\u00fd p\u0159\u00edstup majitele pozemku zp\u016fsobil, \u017ee do b\u011b\u017en\u00e9ho jesky\u0148\u00e1\u0159sk\u00e9ho vybaven\u00ed p\u0159ibyl i buldozer. Jen pro zaj\u00edmavost, na jedn\u00e9 se ze spole\u010dn\u00fdch akc\u00ed \u010dlen\u016f ZO 1-04 a 1-06 bylo z jeskyn\u011b vyt\u011b\u017eeno 370 barel\u016f, tj. cca 7,4 kub\u00edku materi\u00e1lu.<br \/>\nDal\u0161\u00ed rok 2010 se do jara obe\u0161el bez objev\u016f. Ke zlomu do\u0161lo 21. dubna, kdy ve Skulin\u011b p\u0159i hled\u00e1n\u00ed mo\u017en\u00e9ho propojen\u00ed s jeskyn\u00ed V suti do\u0161lo k objevu cca 30 m nov\u00fdch prostor, v\u011bt\u0161inou pom\u011brn\u011b t\u011bsn\u00fdch kan\u00e1l\u016f. Jeden z \u00fa\u010dastn\u00edk\u016f d\u0159\u00edv\u011bj\u0161\u00edch akci Pavel prohl\u00e1sil, \u017ee si rad\u011bji po\u010dk\u00e1, a\u017e budou fotky a mapa na netu, ne\u017e se do toho cp\u00e1t, ale nedalo mu to. Dal\u0161\u00edch 30 m prostor s mal\u00fdm jezerem pustila d\u00edra 9. kv\u011btna.<\/p>\n<p style=\"text-align: justify;\">N\u00e1sledovalo mapov\u00e1n\u00ed a roz\u0161\u00ed\u0159en\u00ed \u00fazk\u00fdch m\u00edst i pro Pavlovu \u201e atletickou\u201c postavu (od t\u00e9to chv\u00edle se Pavel stal kalibrem jeskyn\u011b a ust\u00e1lilo se r\u010den\u00ed \u201eVykopejte to na Pavla\u201c).Tato v\u011btev jeskyn\u011b ale st\u00e1le z\u016fstala jako vedlej\u0161\u00ed produkt na\u0161eho sna\u017een\u00ed o propojen\u00ed obou jeskyn\u00ed (ale komu by to vadilo). Mojm\u00edr sice z\u016fstal u z\u00e1m\u011bru i sm\u011bru v tzv. P\u00edskov\u00e9 chodb\u011b (\u00fa\u017easn\u00fd postup 6 m za akci), ale to, \u017ee ho po jeho \u00factyhodn\u00e9m v\u00fdkonu d\u011blilo pouh\u00fdch 20 cm od objevu, kter\u00e9 za n\u011bho prokopal n\u011bkdo jin\u00fd, zat\u00edmco se on \u0161el kochat nov\u00fdmi objevy, je asi k vzteku \u010di na l\u00e1hev n\u011b\u010deho ost\u0159ej\u0161\u00edho. Jakou variantu tenkr\u00e1t zvolil, si ostatn\u00ed &#8211; \u010dlenov\u00e9 t\u00fdmu nepamatuj\u00ed. Voln\u00e9 prostory v P\u00edskov\u00e9 chodb\u011b byly sice pouze v \u0159\u00e1du metr\u016f, ale jako motivace pro dal\u0161\u00ed b\u00e1d\u00e1n\u00ed to bylo ide\u00e1ln\u00ed. Pr\u00e1v\u011b v prostor\u00e1ch za P\u00edskovou chodbou se snad kv\u016fli snadn\u00e9mu t\u011b\u017een\u00ed p\u00edsku, ale hlavn\u011b d\u00edky p\u0159esn\u00e9mu mapov\u00e1n\u00ed Lu\u010fka za\u010dalo s hlouben\u00edm dvou sond, kter\u00e9 m\u011bly propojit Skulinu s jeskyn\u00ed V suti. No a proto\u017ee si Radek zrovna po\u0159\u00eddil nov\u00e9 bourac\u00ed kladivo, tak pro\u010d jej nepou\u017e\u00edt zrovna v jeskyni. Ono je v\u016fbec zaj\u00edmav\u00e9, \u017ee spousta u\u017eite\u010dn\u00fdch jesky\u0148\u00e1\u0159sk\u00fdch v\u011bc\u00ed, jako nap\u0159\u00edklad bourac\u00ed kladivo \u010di \u010derstv\u011b umyt\u00e9 a vyluxovan\u00e9 rodinn\u00e9 auto se daj\u00ed vyu\u017e\u00edt tak\u00e9 nap\u0159\u00edklad v pr\u00e1ci \u010di doma. Sice se to pak setk\u00e1v\u00e1 s nelibost\u00ed, ale kdo by se zab\u00fdval prkotinami. 4. prosince 2010 jsme si v podob\u011b p\u0159edv\u00e1no\u010dn\u00edho d\u00e1rku nad\u011blili propojen\u00ed obou jeskyn\u00ed pr\u00e1v\u011b jednou z p\u00edskov\u00fdch studen, \u010d\u00edm\u017e vznikl vlastn\u011b syst\u00e9m Petzoldov\u00fdch jeskyn\u00ed. Tak\u00e9 se vytvo\u0159il p\u011bkn\u00fd kom\u00ednov\u00fd efekt a bylo nutno vytvo\u0159it prozat\u00edmn\u00ed uz\u00e1v\u011bry nebo protipr\u016fvanov\u00e9 bari\u00e9ry. N\u00e1vrh ob\u011btovat jednoho jesky\u0148\u00e1\u0159e jako ucp\u00e1vku byl z nepochopiteln\u00fdch d\u016fvod\u016f t\u00edmto jesky\u0148\u00e1\u0159em zam\u00edtnut, tak\u017ee op\u011bt p\u0159i\u0161el na \u0159adu \u201enepot\u0159ebn\u00fd\u201c materi\u00e1l. Po velmi n\u00e1ro\u010dn\u00e9 konzulta\u010dn\u00ed n\u00e1v\u0161t\u011bv\u011b \u201eU Kapli\u010dky\u201c, kdy u\u017e jsme teoreticky objevili druh\u00e9 Kon\u011bprusk\u00e9 jeskyn\u011b, jsme se dohodli podrobn\u011bji prozkoumat spodn\u00ed \u010d\u00e1st nov\u00fdch prostor s jezerem \u2013 nev\u00fdznamnou odbo\u010dku s nepatrn\u00fdm pr\u016fvanem. Za jednu akci a cca 3 m pr\u016fkopu se 24. \u00fanora 2011 prolezlo do rozs\u00e1hl\u00fdch objev\u016f.<\/p>\n<p style=\"text-align: justify;\"><a href=\"http:\/\/www.zlatykun.com\/2012\/01\/130\/petzoldovy_3\/\" rel=\"attachment wp-att-159\"><img loading=\"lazy\" decoding=\"async\" class=\"aligncenter size-full wp-image-159\" title=\"Petzoldovy_3\" src=\"http:\/\/www.zlatykun.com\/wp-content\/uploads\/2012\/01\/Petzoldovy_3.jpg\" alt=\"\" width=\"500\" height=\"335\" \/><\/a><\/p>\n<p style=\"text-align: justify;\">Bez dal\u0161\u00edho kop\u00e1n\u00ed se poda\u0159ilo prozkoumat t\u00e9m\u011b\u0159 sto metr\u016f \u010dlenit\u00fdch chodeb s \u010detn\u00fdmi jez\u00edrky. Kone\u010dn\u011b prostory vhodn\u00e9 i pro Pavla a to i s lopatkou nad hlavou. No, a proto\u017ee konstelace byla naklon\u011bna a rodinn\u00fdm p\u0159\u00edslu\u0161n\u00edk\u016fm situace n\u00e1le\u017eit\u011b vysv\u011btlena (kdy\u017e se da\u0159\u00ed, tak se da\u0159\u00ed) a d\u016fle\u017eit\u00e9 z\u00e1le\u017eitosti se odlo\u017eily a\u017e budou opravdu d\u016fle\u017eit\u00e9, o dva dny pozd\u011bji bylo objeveno dal\u0161\u00edch cca 20 m chodeb s p\u011bknou v\u00fdzdobou. Zaj\u00edmavost\u00ed a skoro pravidlem se stalo to, \u017ee ka\u017ed\u00e1 t\u0159et\u00ed akce byla objevitelsk\u00e1, a kdy\u017e se tak nestalo, byli jsme nesv\u00ed.<\/p>\n<p style=\"text-align: justify;\">Ve stejn\u00e9m duchu se pokra\u010dovalo i 20. b\u0159ezna objevem 80 m chodeb s prvn\u00ed velkou prostorou &#8211; Manganov\u00fdm d\u00f3mem. N\u00e1zev je opravdu p\u0159\u00edzna\u010dn\u00fd, neb na\u0161e overaly zam\u011bnily klasickou hlin\u011bnou barvu za odst\u00edn \u010dern\u00e9.<\/p>\n<p style=\"text-align: justify;\">T\u00edm jsme dos\u00e1hli zat\u00edm nam\u011b\u0159en\u00e9 d\u00e9lky cca 400 m chodeb. V sou\u010dasn\u00e9 dob\u011b jsou v Petzoldov\u00fdch jeskyn\u00edch st\u00e1le nad\u011bjn\u00e1 m\u00edsta na postup do snad voln\u00e9ho pokra\u010dov\u00e1n\u00ed a snad se u\u017e kone\u010dn\u011b tak\u00e9 dostaneme k p\u016fvodn\u00edmu pl\u00e1nu postoupit dop\u0159edu tak\u00e9 v jeskyni V suti, kdy\u017e u\u017e jsme si s t\u00edm dali tolik pr\u00e1ce. Paradoxn\u011b se v\u0161ak materi\u00e1l nebude transportovat skrz jeskyni Skulina, ale d\u00edky lanovce, vytvo\u0159en\u00e9 Mojm\u00edrem, op\u011bt p\u016fvodn\u00edm objevitelsk\u00fdm vchodem na povrch. Tud\u00ed\u017e ve\u0161ker\u00e9 pr\u00e1ce a objevy v jeskyni Skulina byly \u00fapln\u011b zbyte\u010dn\u00e9\u2026\u00a0a\u017e na t\u011bch 400 objeven\u00fdch metr\u016f. \ud83d\ude09<\/p>\n<p style=\"text-align: justify;\">V z\u00e1v\u011bru bych se cht\u011bl pozastavit nad vz\u00e1jemnou spoluprac\u00ed aktivn\u00edch jesky\u0148\u00e1\u0159\u016f z r\u016fzn\u00fdch skupin na jedn\u00e9 lokalit\u011b. Je to asi vz\u00e1cn\u00fd \u00fakaz, ale d\u00edky tomu, \u017ee aktivn\u00edch jesky\u0148\u00e1\u0159\u016f v \u010cesk\u00e9m krasu neust\u00e1le ub\u00fdv\u00e1 a je toho je\u0161t\u011b pot\u0159eba tolik ud\u011blat, funguje spolupr\u00e1ce bez probl\u00e9m\u016f a d\u00e1 se p\u0159edpokl\u00e1dat, \u017ee je to cesta spr\u00e1vn\u00fdm (a mo\u017en\u00e1 jedin\u00fdm) sm\u011brem.<\/p>\n<p style=\"text-align: justify;\">Taky v\u0161em ostatn\u00edm, kte\u0159\u00ed r\u00e1di p\u0159i\u0161li pomoci a snad p\u0159ijdou p\u0159\u00ed\u0161t\u011b znovu. T\u00edmto d\u011bkuji v\u0161em, kdo se aktivn\u011b pod\u00edlej\u00ed na pr\u00e1ci na \u010d\u00edm d\u00e1l t\u00edm v\u011bt\u0161\u00edm jeskynn\u00edm syst\u00e9mu. Hlavn\u011b P. Amlerovi, J. Bohat\u00e9mu, R. Jelenovi za v\u0161echny akce v\u0161edn\u00edch i sv\u00e1te\u010dn\u00edch dn\u00ed, L. Vlkovi a M. Z\u00e1vi\u0161kovi za skv\u011bl\u00e9 map\u00e9rsk\u00e9 pr\u00e1ce a druh\u00fd pracovn\u00ed t\u00fdm.<br \/>\nMalin\u016fm za \u00fa\u017easn\u00e9 transportn\u00ed dru\u017estvo.<br \/>\nK. \u017d\u00e1kovi za odborn\u011b konzulta\u010dn\u00ed akce a dokumentaci a M. Majerovi za fotodokumentaci.<\/p>\n<p style=\"text-align: justify;\">Zden\u011bk Mengler<\/p>\n","protected":false},"excerpt":{"rendered":"<p>Zden\u011bk Mengler, Pavel Amler, Karel \u017d\u00e1k a Martin Majer Hned v \u00favodu bych r\u00e1d v\u011bnoval vzpom\u00ednku na jednoho z badatel\u016f a p\u0159\u00edznivce speleologie nejen v \u010cesk\u00e9m krasu &#8211; Vladim\u00edra Wabiho St\u00e1rku. Jist\u011b si mnoz\u00ed pamatuj\u00ed na jeho fotografie, \u010dl\u00e1nky \u010di zpr\u00e1vi\u010dky a nebo dokonce na osobn\u00ed setk\u00e1n\u00ed s n\u00edm. V jeho \u010dl\u00e1nc\u00edch, nejen v\u00e1\u017en\u00fdch, ale [&hellip;]<\/p>\n","protected":false},"author":3,"featured_media":0,"parent":816,"menu_order":0,"comment_status":"closed","ping_status":"open","template":"","meta":{"footnotes":""},"class_list":["post-143","page","type-page","status-publish","hentry"],"_links":{"self":[{"href":"https:\/\/zlatykun.com\/index.php?rest_route=\/wp\/v2\/pages\/143","targetHints":{"allow":["GET"]}}],"collection":[{"href":"https:\/\/zlatykun.com\/index.php?rest_route=\/wp\/v2\/pages"}],"about":[{"href":"https:\/\/zlatykun.com\/index.php?rest_route=\/wp\/v2\/types\/page"}],"author":[{"embeddable":true,"href":"https:\/\/zlatykun.com\/index.php?rest_route=\/wp\/v2\/users\/3"}],"replies":[{"embeddable":true,"href":"https:\/\/zlatykun.com\/index.php?rest_route=%2Fwp%2Fv2%2Fcomments&post=143"}],"version-history":[{"count":7,"href":"https:\/\/zlatykun.com\/index.php?rest_route=\/wp\/v2\/pages\/143\/revisions"}],"predecessor-version":[{"id":1232,"href":"https:\/\/zlatykun.com\/index.php?rest_route=\/wp\/v2\/pages\/143\/revisions\/1232"}],"up":[{"embeddable":true,"href":"https:\/\/zlatykun.com\/index.php?rest_route=\/wp\/v2\/pages\/816"}],"wp:attachment":[{"href":"https:\/\/zlatykun.com\/index.php?rest_route=%2Fwp%2Fv2%2Fmedia&parent=143"}],"curies":[{"name":"wp","href":"https:\/\/api.w.org\/{rel}","templated":true}]}}