{"id":1390,"date":"2025-06-03T16:51:29","date_gmt":"2025-06-03T16:51:29","guid":{"rendered":"https:\/\/zlatykun.com\/?page_id=1390"},"modified":"2025-08-12T19:28:35","modified_gmt":"2025-08-12T19:28:35","slug":"setkani-2025","status":"publish","type":"page","link":"https:\/\/zlatykun.com\/?page_id=1390","title":{"rendered":"Setk\u00e1n\u00ed 2025"},"content":{"rendered":"<p><!doctype html><br \/>\n<html lang=\"cs\"><br \/>\n<head><br \/>\n<meta charset=\"UTF-8\"><br \/>\n<meta name=\"viewport\"\n          content=\"width=device-width, user-scalable=no, initial-scale=1.0, maximum-scale=1.0, minimum-scale=1.0\"><br \/>\n<meta http-equiv=\"X-UA-Compatible\" content=\"ie=edge\"><br \/>\n<title>Pout\u00e1k<\/title><\/p>\n<style>\n        :root {<br \/>\n            \/* Paleta *\/<br \/>\n            --primary-color: #A50A10; \/* Prim\u00e1rn\u00ed barva (pro zv\u00fdrazn\u011bn\u00fd text) *\/<br \/>\n            --trim-color: #E3C974; \/* Dekora\u010dn\u00ed barva (pozad\u00ed\/speci\u00e1ln\u00ed \u0159\u00e1dek se seznamem) *\/<\/p>\n<p>            \/* Sazba *\/<br \/>\n            --outer-wrapper-width: 90rem; \/* \u0160\u00ed\u0159ka obalova\u010de str\u00e1nky *\/<br \/>\n            --inner-left-margin: 4rem; \/* Standardn\u00ed odsazen\u00ed obsahu od (lev\u00e9ho) kraje *\/<br \/>\n        }<\/p>\n<p>        html {<br \/>\n            font-size: 62.5%;<br \/>\n            \/*<\/p>\n<p>            D\u00edky tomuto lze pou\u017e\u00edt flexibiln\u00ed relativn\u00ed jednotku `rem`<br \/>\n            jako des\u00edtku pixel\u016f p\u0159i standardn\u00edm zobrazen\u00ed.<\/p>\n<p>            ------------------------------------------------<br \/>\n            Nap\u0159.:<\/p>\n<p>            1rem = 10px<br \/>\n            3rem = 30px<br \/>\n            12.5rem = 125px<\/p>\n<p>            Na rozd\u00edl od absolutn\u00edch pixel\u016f se tato jednotka chov\u00e1 mnohem l\u00e9pe,<br \/>\n            pokud u\u017eivatel str\u00e1nku nazoomuje.<br \/>\n            *\/<br \/>\n        }<\/p>\n<p>        body {<br \/>\n            font-size: 1.6rem; \/* Standardn\u00ed velikost fontu: 16px *\/<br \/>\n            font-family: sans-serif; \/* Font\/typeface *\/<br \/>\n        }<\/p>\n<p>        html, body {<br \/>\n            margin: 0;<br \/>\n            padding: 0;<br \/>\n        }<\/p>\n<p>        a {<br \/>\n            text-decoration: none;<br \/>\n        }<\/p>\n<p>        \/* Obalova\u010d *\/<br \/>\n        .wrapper {<br \/>\n            max-width: var(--outer-wrapper-width);<br \/>\n            margin: 0 auto;<br \/>\n            padding: 0;<br \/>\n        }<\/p>\n<p>        \/* Z\u00e1hlav\u00ed *\/<br \/>\n        .header {<br \/>\n            position: relative;<br \/>\n            background-color: var(--trim-color);<br \/>\n            overflow: visible;<br \/>\n            height: 20rem;<br \/>\n            z-index: -8;<\/p>\n<p>            padding: 1.5rem 0 0 0;<br \/>\n            display: flex;<br \/>\n            flex-flow: row nowrap;<br \/>\n            margin-bottom: 5rem;<br \/>\n        }<\/p>\n<p>        \/* Obloukov\u00e1 dekorace z\u00e1hlav\u00ed *\/<br \/>\n        .header::after {<br \/>\n            content: \"\";<br \/>\n            position: absolute;<br \/>\n            top: 3rem;<br \/>\n            left: 50%;<br \/>\n            transform: translateX(-50%);<br \/>\n            width: 150%;<br \/>\n            height: 80rem;<br \/>\n            background: white;<br \/>\n            border-radius: 55% 100% 0 0;<br \/>\n            z-index: -9;<br \/>\n        }<\/p>\n<p>        \/* Text v z\u00e1hlav\u00ed\/hero blok *\/<br \/>\n        .header__text {<br \/>\n            flex: 1 0 auto;<br \/>\n            padding: 6rem 0 0 var(--inner-left-margin);<\/p>\n<p>            color: var(--primary-color);<br \/>\n            font-size: 2.2rem;<br \/>\n            line-height: 1.3;<br \/>\n            font-weight: 700;<br \/>\n        }<\/p>\n<p>        \/* Obr\u00e1zek\/logo v z\u00e1hlav\u00ed *\/<br \/>\n        .header__logo {<br \/>\n            flex: 0 0 auto;<br \/>\n            padding: 0.5rem 2rem 0 0;<br \/>\n        }<\/p>\n<p>        \/* Informa\u010dn\u00ed tabulka *\/<br \/>\n        .infotable {<br \/>\n            border-collapse: collapse;<br \/>\n            border-spacing: 0;<br \/>\n            width: 100%;<br \/>\n        }<\/p>\n<p>        \/* Obr\u00e1zek v informa\u010dn\u00ed tabulce*\/<br \/>\n        .infotable img {<br \/>\n            display: block;<br \/>\n            max-width: 100%;<br \/>\n            padding: 0.5rem 0;<br \/>\n        }<\/p>\n<p>        \/* Bu\u0148ka informa\u010dn\u00ed tabulky *\/<br \/>\n        .infotable td {<br \/>\n            padding: 0 0 1.8rem 0;<br \/>\n        }<\/p>\n<p>        \/* Bu\u0148ky posledn\u00edho \u0159\u00e1dku inform\u010dn\u00ed tabulky *\/<br \/>\n        .infotable tr:last-child td {<br \/>\n            padding: 2rem 0;<br \/>\n        }<\/p>\n<p>        \/* Prvn\u00ed sloupec informa\u010dn\u00ed tabulky *\/<br \/>\n        .infotable td:first-child {<br \/>\n            width: 20%;<br \/>\n            padding-left: var(--inner-left-margin);<\/p>\n<p>            vertical-align: top;<\/p>\n<p>            color: var(--primary-color);<br \/>\n            font-weight: 700;<br \/>\n        }<\/p>\n<p>        \/* Speci\u00e1ln\u00ed podbarven\u00fd \u0159\u00e1dek se seznamem *\/<br \/>\n        .keypoint-list-row {<br \/>\n            background-color: var(--trim-color);<br \/>\n        }<\/p>\n<p>        \/* Seznam ve speci\u00e1ln\u00edm \u0159\u00e1dku *\/<br \/>\n        .keypoint-list-row ul,<br \/>\n        .keypoint-list-row ol {<br \/>\n            color: var(--primary-color);<br \/>\n            font-weight: 700;<br \/>\n            font-size: 2.5rem;<br \/>\n            margin: 0;<br \/>\n            padding: 0 3rem;<br \/>\n        }<\/p>\n<p>        \/* Z\u00e1pat\u00ed *\/<br \/>\n        .footer {<br \/>\n            font-style: italic;<br \/>\n            padding-left: var(--inner-left-margin);<br \/>\n        }<\/p>\n<p>        \/* Klikateln\u00fd e-mail v z\u00e1pat\u00ed *\/<br \/>\n        .footer__email {<br \/>\n            font-weight: 700;<br \/>\n        }<br \/>\n    <\/style>\n<p><\/head><br \/>\n<body><\/p>\n<div class=\"wrapper\">\n<header class=\"header\">\n<div class=\"header__text\">Dovolujeme si V\u00e1s pozvat<br \/>\nna tradi\u010dn\u00ed setk\u00e1n\u00ed jesky\u0148\u00e1\u0159\u016f v \u010cesk\u00e9m krasu,<br \/>\ntentokr\u00e1t<br \/>\nna Zlat\u00e9m koni,<br \/>\nv Hergetov\u011b lomu<br \/>\npod Kon\u011bprusk\u00fdmi jeskyn\u011bmi.<\/div>\n<p><img decoding=\"async\" src=\"assets\/logo_setkani_modra_fmt.png\"\n             alt=\"Setk\u00e1n\u00ed jesky\u0148\u00e1\u0159\u016f v v \u010cesk\u00e9m krasu; Zlat\u00fd k\u016f\u0148 2025\"\n             class=\"header__logo\"><br \/>\n<\/header>\n<p>    <main><\/p>\n<table class=\"infotable\">\n<tr>\n<td>Term\u00edn kon\u00e1n\u00ed<\/td>\n<td>10.&ndash;12. 10. 2025<\/td>\n<\/tr>\n<tr>\n<td>M\u00edsto<\/td>\n<td>\n                    Herget\u016fv lom (pod Domem p\u0159\u00edrody u Kon\u011bprusk\u00fdch jeskyn\u00ed)<br \/>\n<img decoding=\"async\" src=\"assets\/mapa_zlaty_kun_fmt.png\" alt=\"Mapa m\u00edsta kon\u00e1n\u00ed\"><\/td>\n<\/tr>\n<tr>\n<td>Lokalizace<\/td>\n<td><a href=\"https:\/\/maps.app.goo.gl\/uQBWNQyX16kjEVT86\" target=\"_blank\">https:\/\/maps.app.goo.gl\/uQBWNQyX16kjEVT86<\/a><\/td>\n<\/tr>\n<tr>\n<td>Ubytov\u00e1n\u00ed<\/td>\n<td>Ve vlasn\u00edch stanech na p\u0159ilehl\u00e9 louce<\/td>\n<\/tr>\n<tr class=\"keypoint-list-row\">\n<td><!-- Kl\u00ed\u010dov\u00e9 body --><\/td>\n<td>\n<ul>\n<li>Podzemn\u00ed i povrchov\u00e9 exkurze<\/li>\n<li>Prom\u00edt\u00e1n\u00ed<\/li>\n<li>P\u0159edn\u00e1\u0161ky<\/li>\n<li>J\u00eddlo a pit\u00ed bude zaji\u0161t\u011bno<\/li>\n<\/ul>\n<\/td>\n<\/tr>\n<\/table>\n<p><\/main><\/p>\n<footer class=\"footer\">Program a detaily setk\u00e1n\u00ed budou je\u0161t\u011b up\u0159esn\u011bny.<\/p>\n<p>Kontaktn\u00ed e-mail pro dotazy, n\u00e1vrhy, nab\u00eddky: <a href=\"mailto:setkani@zlatykun.com\" class=\"footer__email\">setkani@zlatykun.com<\/a><\/p>\n<\/footer>\n<\/div>\n<p><\/body><br \/>\n<\/html><\/p>\n","protected":false},"excerpt":{"rendered":"<p>Pout\u00e1k Dovolujeme si V\u00e1s pozvat na tradi\u010dn\u00ed setk\u00e1n\u00ed jesky\u0148\u00e1\u0159\u016f v \u010cesk\u00e9m krasu, tentokr\u00e1t na Zlat\u00e9m koni, v Hergetov\u011b lomu pod Kon\u011bprusk\u00fdmi jeskyn\u011bmi. Term\u00edn kon\u00e1n\u00ed 10.&ndash;12. 10. 2025 M\u00edsto Herget\u016fv lom (pod Domem p\u0159\u00edrody u Kon\u011bprusk\u00fdch jeskyn\u00ed) Lokalizace https:\/\/maps.app.goo.gl\/uQBWNQyX16kjEVT86 Ubytov\u00e1n\u00ed Ve vlasn\u00edch stanech na p\u0159ilehl\u00e9 louce Podzemn\u00ed i povrchov\u00e9 exkurze Prom\u00edt\u00e1n\u00ed P\u0159edn\u00e1\u0161ky J\u00eddlo a pit\u00ed bude [&hellip;]<\/p>\n","protected":false},"author":2,"featured_media":1417,"parent":0,"menu_order":0,"comment_status":"closed","ping_status":"closed","template":"page-templates\/full-width.php","meta":{"footnotes":""},"class_list":["post-1390","page","type-page","status-publish","has-post-thumbnail","hentry"],"_links":{"self":[{"href":"https:\/\/zlatykun.com\/index.php?rest_route=\/wp\/v2\/pages\/1390","targetHints":{"allow":["GET"]}}],"collection":[{"href":"https:\/\/zlatykun.com\/index.php?rest_route=\/wp\/v2\/pages"}],"about":[{"href":"https:\/\/zlatykun.com\/index.php?rest_route=\/wp\/v2\/types\/page"}],"author":[{"embeddable":true,"href":"https:\/\/zlatykun.com\/index.php?rest_route=\/wp\/v2\/users\/2"}],"replies":[{"embeddable":true,"href":"https:\/\/zlatykun.com\/index.php?rest_route=%2Fwp%2Fv2%2Fcomments&post=1390"}],"version-history":[{"count":11,"href":"https:\/\/zlatykun.com\/index.php?rest_route=\/wp\/v2\/pages\/1390\/revisions"}],"predecessor-version":[{"id":1431,"href":"https:\/\/zlatykun.com\/index.php?rest_route=\/wp\/v2\/pages\/1390\/revisions\/1431"}],"wp:featuredmedia":[{"embeddable":true,"href":"https:\/\/zlatykun.com\/index.php?rest_route=\/wp\/v2\/media\/1417"}],"wp:attachment":[{"href":"https:\/\/zlatykun.com\/index.php?rest_route=%2Fwp%2Fv2%2Fmedia&parent=1390"}],"curies":[{"name":"wp","href":"https:\/\/api.w.org\/{rel}","templated":true}]}}