{"id":1334,"date":"2024-01-19T18:08:26","date_gmt":"2024-01-19T18:08:26","guid":{"rendered":"https:\/\/zlatykun.com\/?page_id=1334"},"modified":"2024-01-19T18:08:26","modified_gmt":"2024-01-19T18:08:26","slug":"o-nas","status":"publish","type":"page","link":"https:\/\/zlatykun.com\/?page_id=1334","title":{"rendered":"O n\u00e1s"},"content":{"rendered":"<p>Jsme skupina jesky\u0148\u00e1\u0159\u016f organizovan\u00e1 pod \u010ceskou speleologickou spole\u010dnost\u00ed. Zab\u00fdv\u00e1me se ochranou a pr\u016fzkumem jeskyn\u00ed v \u010cesk\u00e9m krasu, konkr\u00e9tn\u011b v oblasti okolo zn\u00e1m\u00fdch Kon\u011bprusk\u00fdch jeskyn\u00ed. Sch\u00e1z\u00edme se pravideln\u011b jednou m\u011bs\u00ed\u010dn\u011b a to ka\u017ed\u00fd druh\u00fd cel\u00fd v\u00edkend v m\u011bs\u00edci. P\u0159esn\u00fd kalend\u00e1\u0159 naleznete <a href=\"https:\/\/zlatykun.com\/?page_id=86\">zde<\/a>.<\/p>\n","protected":false},"excerpt":{"rendered":"<p>Jsme skupina jesky\u0148\u00e1\u0159\u016f organizovan\u00e1 pod \u010ceskou speleologickou spole\u010dnost\u00ed. Zab\u00fdv\u00e1me se ochranou a pr\u016fzkumem jeskyn\u00ed v \u010cesk\u00e9m krasu, konkr\u00e9tn\u011b v oblasti okolo zn\u00e1m\u00fdch Kon\u011bprusk\u00fdch jeskyn\u00ed. Sch\u00e1z\u00edme se pravideln\u011b jednou m\u011bs\u00ed\u010dn\u011b a to ka\u017ed\u00fd druh\u00fd cel\u00fd v\u00edkend v m\u011bs\u00edci. P\u0159esn\u00fd kalend\u00e1\u0159 naleznete zde.<\/p>\n","protected":false},"author":3,"featured_media":0,"parent":0,"menu_order":0,"comment_status":"closed","ping_status":"closed","template":"","meta":{"footnotes":""},"class_list":["post-1334","page","type-page","status-publish","hentry"],"_links":{"self":[{"href":"https:\/\/zlatykun.com\/index.php?rest_route=\/wp\/v2\/pages\/1334","targetHints":{"allow":["GET"]}}],"collection":[{"href":"https:\/\/zlatykun.com\/index.php?rest_route=\/wp\/v2\/pages"}],"about":[{"href":"https:\/\/zlatykun.com\/index.php?rest_route=\/wp\/v2\/types\/page"}],"author":[{"embeddable":true,"href":"https:\/\/zlatykun.com\/index.php?rest_route=\/wp\/v2\/users\/3"}],"replies":[{"embeddable":true,"href":"https:\/\/zlatykun.com\/index.php?rest_route=%2Fwp%2Fv2%2Fcomments&post=1334"}],"version-history":[{"count":1,"href":"https:\/\/zlatykun.com\/index.php?rest_route=\/wp\/v2\/pages\/1334\/revisions"}],"predecessor-version":[{"id":1335,"href":"https:\/\/zlatykun.com\/index.php?rest_route=\/wp\/v2\/pages\/1334\/revisions\/1335"}],"wp:attachment":[{"href":"https:\/\/zlatykun.com\/index.php?rest_route=%2Fwp%2Fv2%2Fmedia&parent=1334"}],"curies":[{"name":"wp","href":"https:\/\/api.w.org\/{rel}","templated":true}]}}