{"id":1235,"date":"2019-02-07T22:34:50","date_gmt":"2019-02-07T22:34:50","guid":{"rendered":"http:\/\/zlatykun.com\/?page_id=1235"},"modified":"2019-02-10T16:33:26","modified_gmt":"2019-02-10T16:33:26","slug":"kontakt","status":"publish","type":"page","link":"https:\/\/zlatykun.com\/?page_id=1235","title":{"rendered":"Kontakt"},"content":{"rendered":"<p>Z d\u016fvodu ochrany osobn\u00edch \u00fadaj\u016f \u010dlen\u016f na\u0161\u00ed skupiny je adres\u00e1\u0159 \u010dlen\u016f chr\u00e1n\u011bn heslem. Pro ve\u0161ker\u00e9 informace se proto obracejte na p\u0159edsedu ZO 1-04 <a href=\"mailto:jaroslav.bohaty&quot;UZENAC&quot;email.cz\">Jaroslava Bohat\u00e9ho<\/a>.<\/p>\n","protected":false},"excerpt":{"rendered":"<p>Z d\u016fvodu ochrany osobn\u00edch \u00fadaj\u016f \u010dlen\u016f na\u0161\u00ed skupiny je adres\u00e1\u0159 \u010dlen\u016f chr\u00e1n\u011bn heslem. Pro ve\u0161ker\u00e9 informace se proto obracejte na p\u0159edsedu ZO 1-04 Jaroslava Bohat\u00e9ho.<\/p>\n","protected":false},"author":3,"featured_media":0,"parent":0,"menu_order":0,"comment_status":"closed","ping_status":"closed","template":"","meta":{"footnotes":""},"class_list":["post-1235","page","type-page","status-publish","hentry"],"_links":{"self":[{"href":"https:\/\/zlatykun.com\/index.php?rest_route=\/wp\/v2\/pages\/1235","targetHints":{"allow":["GET"]}}],"collection":[{"href":"https:\/\/zlatykun.com\/index.php?rest_route=\/wp\/v2\/pages"}],"about":[{"href":"https:\/\/zlatykun.com\/index.php?rest_route=\/wp\/v2\/types\/page"}],"author":[{"embeddable":true,"href":"https:\/\/zlatykun.com\/index.php?rest_route=\/wp\/v2\/users\/3"}],"replies":[{"embeddable":true,"href":"https:\/\/zlatykun.com\/index.php?rest_route=%2Fwp%2Fv2%2Fcomments&post=1235"}],"version-history":[{"count":5,"href":"https:\/\/zlatykun.com\/index.php?rest_route=\/wp\/v2\/pages\/1235\/revisions"}],"predecessor-version":[{"id":1249,"href":"https:\/\/zlatykun.com\/index.php?rest_route=\/wp\/v2\/pages\/1235\/revisions\/1249"}],"wp:attachment":[{"href":"https:\/\/zlatykun.com\/index.php?rest_route=%2Fwp%2Fv2%2Fmedia&parent=1235"}],"curies":[{"name":"wp","href":"https:\/\/api.w.org\/{rel}","templated":true}]}}