{"id":1044,"date":"2015-07-01T12:58:45","date_gmt":"2015-07-01T12:58:45","guid":{"rendered":"http:\/\/zlatykun.com\/?page_id=1044"},"modified":"2015-07-01T12:58:45","modified_gmt":"2015-07-01T12:58:45","slug":"zajimave-soubory-ze-stranek-szs-ke-stazeni","status":"publish","type":"page","link":"https:\/\/zlatykun.com\/?page_id=1044","title":{"rendered":"Zaj\u00edmav\u00e9 soubory ze str\u00e1nek SZS ke sta\u017een\u00ed"},"content":{"rendered":"<p>na str\u00e1nce\u00a0<a href=\"http:\/\/www.speleo.cz\/ke-stazeni-162\" target=\"_blank\">www.speleo.cz<\/a>, v \u010d\u00e1sti Speleologick\u00e9 z\u00e1chrann\u00e9 slu\u017eby naleznete mnoho u\u017eite\u010dn\u00fdch informac\u00ed &#8211; p\u0159edev\u0161\u00edm ke sta\u017een\u00ed zdravotnick\u00e9 minimum ve form\u00e1tu PDF, kter\u00e9 bylo vyd\u00e1no pro pot\u0159eby \u010cSS fe form\u011b bro\u017eurky v roce 2008. V\u0159ele doporu\u010duji.<\/p>\n<p>Pavel<\/p>\n","protected":false},"excerpt":{"rendered":"<p>na str\u00e1nce\u00a0www.speleo.cz, v \u010d\u00e1sti Speleologick\u00e9 z\u00e1chrann\u00e9 slu\u017eby naleznete mnoho u\u017eite\u010dn\u00fdch informac\u00ed &#8211; p\u0159edev\u0161\u00edm ke sta\u017een\u00ed zdravotnick\u00e9 minimum ve form\u00e1tu PDF, kter\u00e9 bylo vyd\u00e1no pro pot\u0159eby \u010cSS fe form\u011b bro\u017eurky v roce 2008. V\u0159ele doporu\u010duji. Pavel<\/p>\n","protected":false},"author":3,"featured_media":0,"parent":796,"menu_order":0,"comment_status":"open","ping_status":"open","template":"","meta":{"footnotes":""},"class_list":["post-1044","page","type-page","status-publish","hentry"],"_links":{"self":[{"href":"https:\/\/zlatykun.com\/index.php?rest_route=\/wp\/v2\/pages\/1044","targetHints":{"allow":["GET"]}}],"collection":[{"href":"https:\/\/zlatykun.com\/index.php?rest_route=\/wp\/v2\/pages"}],"about":[{"href":"https:\/\/zlatykun.com\/index.php?rest_route=\/wp\/v2\/types\/page"}],"author":[{"embeddable":true,"href":"https:\/\/zlatykun.com\/index.php?rest_route=\/wp\/v2\/users\/3"}],"replies":[{"embeddable":true,"href":"https:\/\/zlatykun.com\/index.php?rest_route=%2Fwp%2Fv2%2Fcomments&post=1044"}],"version-history":[{"count":1,"href":"https:\/\/zlatykun.com\/index.php?rest_route=\/wp\/v2\/pages\/1044\/revisions"}],"predecessor-version":[{"id":1045,"href":"https:\/\/zlatykun.com\/index.php?rest_route=\/wp\/v2\/pages\/1044\/revisions\/1045"}],"up":[{"embeddable":true,"href":"https:\/\/zlatykun.com\/index.php?rest_route=\/wp\/v2\/pages\/796"}],"wp:attachment":[{"href":"https:\/\/zlatykun.com\/index.php?rest_route=%2Fwp%2Fv2%2Fmedia&parent=1044"}],"curies":[{"name":"wp","href":"https:\/\/api.w.org\/{rel}","templated":true}]}}